{"id":625,"date":"2024-06-06T10:18:43","date_gmt":"2024-06-06T10:18:43","guid":{"rendered":"https:\/\/webtaxi.lu\/legal-notice\/"},"modified":"2024-06-11T06:35:49","modified_gmt":"2024-06-11T06:35:49","slug":"legal-notice","status":"publish","type":"page","link":"https:\/\/webtaxi.lu\/en\/legal-notice\/","title":{"rendered":"Legal Notice"},"content":{"rendered":"\n<h2 class=\"wp-block-heading has-text-align-center\"><mark style=\"background-color:rgba(0, 0, 0, 0)\" class=\"has-inline-color has-black-color\"><strong>1. Si\u00e8ge de la soci\u00e9t\u00e9<\/strong><\/mark><\/h2>\n\n\n\n<p class=\"has-text-align-center\">WEBTAXI S.\u00e0 r.l.<br>85, Rue du Golf<br>L-1638 Senningerberg<\/p>\n\n\n\n<h2 class=\"wp-block-heading has-text-align-center\"><mark style=\"background-color:rgba(0, 0, 0, 0)\" class=\"has-inline-color has-black-color\"><strong>2. Adresse postale<\/strong><\/mark><\/h2>\n\n\n\n<p class=\"has-text-align-center\">WEBTAXI S.\u00e0 r.l.<br>85, Rue du Golf<br>L-1638 Senningerberg<\/p>\n\n\n\n<h2 class=\"wp-block-heading has-text-align-center\"><mark style=\"background-color:rgba(0, 0, 0, 0)\" class=\"has-inline-color has-black-color\"><strong>3. Repr\u00e9sent\u00e9e par<\/strong><\/mark><\/h2>\n\n\n\n<p class=\"has-text-align-center\">Emile WEBER &#8211; G\u00e9rant<\/p>\n\n\n\n<h2 class=\"wp-block-heading has-text-align-center\"><mark style=\"background-color:rgba(0, 0, 0, 0)\" class=\"has-inline-color has-black-color\"><strong>4. Contact<\/strong><\/mark><\/h2>\n\n\n\n<p class=\"has-text-align-center\">T\u00e9l\u00e9phone&nbsp;: (+352) 27&nbsp;515<br>Adresse e-mail&nbsp;:&nbsp;<a href=\"mailto:info@webtaxi.lu\"><mark style=\"background-color:rgba(0, 0, 0, 0)\" class=\"has-inline-color has-luminous-vivid-orange-color\">info@webtaxi.lu<\/mark><\/a><\/p>\n\n\n\n<h2 class=\"wp-block-heading has-text-align-center\"><strong>5. Capital de la soci\u00e9t\u00e9<\/strong><\/h2>\n\n\n\n<p class=\"has-text-align-center\">40.000 \u20ac<\/p>\n\n\n\n<h2 class=\"wp-block-heading has-text-align-center\"><strong>6. Registre de commerce<\/strong><\/h2>\n\n\n\n<p class=\"has-text-align-center\">Inscription au registre de commerce.<br>Registre de commerce et des soci\u00e9t\u00e9s Luxembourg<br>Num\u00e9ro d\u2019enregistrement&nbsp;: B197685<\/p>\n\n\n\n<h2 class=\"wp-block-heading has-text-align-center\"><strong>7. TVA<\/strong><\/h2>\n\n\n\n<p class=\"has-text-align-center\">Num\u00e9ro d\u2019identification \u00e0 la TVA&nbsp;: LU 27747966<\/p>\n\n\n\n<h2 class=\"wp-block-heading has-text-align-center\"><strong>8. G\u00e9n\u00e9ralit\u00e9s sur l&#8217;assurance de responsabilit\u00e9 civile professionnelle<\/strong><\/h2>\n\n\n\n<p class=\"has-text-align-center\">D\u00e9nomination sociale et si\u00e8ge de la compagnie d\u2019assurances&nbsp;:<br>AXA Assurances Luxembourg S.A.<br>1, Place de l\u2019Etoile<br>L-1479 Luxembourg<br>Territoire d\u2019application de l\u2019assurance&nbsp;: Luxembourg<\/p>\n\n\n\n<h2 class=\"wp-block-heading has-text-align-center\"><strong>9. Conception et d\u00e9veloppement du site internet<\/strong><\/h2>\n\n\n\n<p class=\"has-text-align-center\">101 Studios<br>17, All\u00e9e Louis Ackermann<br>L-1897 Kockelscheuer<br><a href=\"https:\/\/101.lu\/\"><mark style=\"background-color:rgba(0, 0, 0, 0)\" class=\"has-inline-color has-luminous-vivid-orange-color\">www.101.lu<\/mark><\/a><br>Le site internet de WEBTAXI S.\u00e0 r.l. a \u00e9t\u00e9 cr\u00e9\u00e9 avec le syst\u00e8me WordPress<\/p>\n\n\n\n<h2 class=\"wp-block-heading has-text-align-center\"><strong>10. Sources des images et graphiques utilis\u00e9es<\/strong><\/h2>\n\n\n\n<p class=\"has-text-align-center\">www.istockphoto.com<br>www.gettyimages.com<br>www.fotolia.com<\/p>\n\n\n\n<p class=\"has-text-align-center\">Les illustrations ont \u00e9t\u00e9 cr\u00e9er sur mesure par l&#8217;agence 101 Studios (<a href=\"https:\/\/101.lu\/\"><mark style=\"background-color:rgba(0, 0, 0, 0)\" class=\"has-inline-color has-luminous-vivid-orange-color\">www.101.lu<\/mark><\/a>). Des photos et vid\u00e9os de stock personnalis\u00e9es ont \u00e9t\u00e9 cr\u00e9\u00e9es par l&#8217;agence Super8 (<a href=\"https:\/\/www.super8.lu\/\"><mark style=\"background-color:rgba(0, 0, 0, 0)\" class=\"has-inline-color has-luminous-vivid-orange-color\">www.super8.lu<\/mark><\/a>)<\/p>\n\n\n\n<h2 class=\"wp-block-heading has-text-align-center\"><strong>11. Conditions g\u00e9n\u00e9rales d&#8217;utilisation du site internet (CGU)<\/strong><\/h2>\n\n\n\n<p class=\"has-text-align-center\"><strong>D\u00e9finition et objet&nbsp;:<\/strong>&nbsp;Les conditions g\u00e9n\u00e9rales d\u2019utilisation ont pour objet de d\u00e9finir les fondements de la mise \u00e0 disposition du site internet<strong>&nbsp;www.webtaxi.lu<\/strong>&nbsp;ainsi que les r\u00e8gles d\u2019utilisation de ce site internet pour l\u2019utilisateur.<\/p>\n\n\n\n<p class=\"has-text-align-center\"><strong>www.webtaxi.lu<\/strong>&nbsp;est un site internet gratuit g\u00e9r\u00e9 par WEBTAXI S.\u00e0 r.l. qui vise \u00e0 informer l\u2019utilisateur des services de voyage et de mobilit\u00e9, des offres, etc., propos\u00e9s par WEBTAXI S.\u00e0 r.l.<\/p>\n\n\n\n<p class=\"has-text-align-center\"><strong>Obligations de l\u2019utilisateur&nbsp;:<\/strong>&nbsp;L\u2019acc\u00e8s au site internet&nbsp;<strong>www.webtaxi.lu<\/strong>&nbsp;se fait par le biais de l\u2019internet. L\u2019utilisateur est conscient des risques que peut impliquer l\u2019utilisation de l\u2019internet. Il lui incombe d\u2019utiliser l\u2019internet au moyen d\u2019un support de donn\u00e9es appropri\u00e9 et r\u00e9pondant aux normes de s\u00e9curit\u00e9.<\/p>\n\n\n\n<p class=\"has-text-align-center\"><strong>Modifications&nbsp;:&nbsp;<\/strong>Il est \u00e0 tout moment possible que les conditions g\u00e9n\u00e9rales d\u2019utilisation ici d\u00e9crites soient modifi\u00e9es par des ajouts ult\u00e9rieurs compl\u00e9tant lesdites conditions pour les rendre conformes aux modifications apport\u00e9es au site internet&nbsp;<strong>www.webtaxi.lu<\/strong>, \u00e0 une loi ult\u00e9rieure ou \u00e0 tout autre motif significatif. L\u2019utilisateur est tenu de s\u2019informer des conditions g\u00e9n\u00e9rales d\u2019utilisation du site internet&nbsp;<strong>www.webtaxi.lu&nbsp;<\/strong>actuellement en vigueur.<\/p>\n\n\n\n<h2 class=\"wp-block-heading has-text-align-center\"><strong>12. Limitation de responsabilit\u00e9<\/strong><\/h2>\n\n\n\n<p class=\"has-text-align-center\"><strong>Responsabilit\u00e9 en mati\u00e8re de contenu&nbsp;:<\/strong>&nbsp;Conform\u00e9ment aux dispositions l\u00e9gales en vigueur, la soci\u00e9t\u00e9 WEBTAXI S.\u00e0 r.l. ne peut \u00eatre tenue responsable que pour ses propres contenus sur son site internet. WEBTAXI S.\u00e0 r.l. n\u2019offre aucune garantie concernant la mise \u00e0 disposition, la v\u00e9racit\u00e9, la cr\u00e9dibilit\u00e9, l\u2019actualit\u00e9 ou l\u2019exhaustivit\u00e9 des informations publi\u00e9es sur le site internet&nbsp;<strong>www.webtaxi.lu.<\/strong>&nbsp;En sa qualit\u00e9 de prestataire, WEBTAXI S.\u00e0 r.l. n\u2019est donc pas tenue de contr\u00f4ler les informations transmises ou d\u2019examiner les circonstances d\u2019une activit\u00e9 illicite. L\u2019obligation d\u2019effacer ou de verrouiller ces informations sur la base de la l\u00e9gislation g\u00e9n\u00e9ralement en vigueur demeure n\u00e9anmoins. Une responsabilit\u00e9 en ce sens ne peut cependant \u00eatre invoqu\u00e9e qu\u2019\u00e0 partir du moment o\u00f9 une infraction sp\u00e9cifique a \u00e9t\u00e9 constat\u00e9e. WEBTAXI S.\u00e0 r.l. supprimera imm\u00e9diatement le contenu concern\u00e9 d\u00e8s qu\u2019une telle violation de droits sera port\u00e9e \u00e0 sa connaissance.<\/p>\n\n\n\n<p class=\"has-text-align-center\"><strong>Responsabilit\u00e9 en mati\u00e8re de liens hypertexte&nbsp;:<\/strong>&nbsp;Le site internet de WEBTAXI S.\u00e0 r.l. contient des liens renvoyant \u00e0 des sites internet tiers. WEBTAXI S.\u00e0 r.l. ne saurait toutefois \u00eatre tenue responsable d\u2019aucun de ces contenus tiers. Les fournisseurs ou exploitants de ces sites internet sont les seuls \u00e0 pouvoir \u00eatre tenus responsables des contenus pr\u00e9sent\u00e9s sur leurs sites internet. Les liens hypertexte ont \u00e9t\u00e9 v\u00e9rifi\u00e9s sur l\u2019existence d&#8217;\u00e9ventuelles violations au moment de leur cr\u00e9ation. Des contenus ill\u00e9gaux n&#8217;\u00e9taient pas identifiables \u00e0 cette \u00e9poque. Cependant, un contr\u00f4le permanent des contenus des liens hypertexte n&#8217;est pas raisonnable sans preuve concr\u00e8te d&#8217;une violation. D\u00e8s notification d\u2019une violation, WEBTAXI S.\u00e0 r.l. supprimera imm\u00e9diatement ces liens.<\/p>\n\n\n\n<h2 class=\"wp-block-heading has-text-align-center\"><strong>13. Droit d&#8217;auteur et propri\u00e9t\u00e9 intellectuelle<\/strong><\/h2>\n\n\n\n<p class=\"has-text-align-center\">Tous les composants actuels et futurs du site internet&nbsp;<strong>www.webtaxi.lu<\/strong><strong><a href=\"https:\/\/www.emile-weber.lu\/\">&nbsp;<\/a><\/strong>sont prot\u00e9g\u00e9s par la loi luxembourgeoise actuellement en vigueur en mati\u00e8re de propri\u00e9t\u00e9 intellectuelle et de droits d\u2019auteur. La reproduction, l\u2019adaptation, la distribution et toute forme d\u2019utilisation exc\u00e9dant les limitations du droit d\u2019auteur requi\u00e8rent l\u2019assentiment \u00e9crit de l\u2019auteur ou du cr\u00e9ateur.<\/p>\n\n\n\n<p class=\"has-text-align-center\">Les t\u00e9l\u00e9chargements et copies de ces pages ne sont autoris\u00e9s qu\u2019\u00e0 des fins d\u2019utilisation priv\u00e9e et non commerciale. Tout contenu du site internet qui n\u2019\u00e9mane pas de WEBTAXI S.\u00e0 r.l. mais de tiers est pr\u00e9sent\u00e9 dans le respect des droits de propri\u00e9t\u00e9 d\u00e9tenus par ces tiers sur le site internet. Des contenus \u00e9manant de sites internet de tiers sont sp\u00e9cialement marqu\u00e9s. Si l\u2019utilisateur constate une possible violation des droits d\u2019auteur ou des droits de propri\u00e9t\u00e9 intellectuelle, ledit utilisateur doit soumettre une preuve de cette violation \u00e0 WEBTAXI S.\u00e0 r.l.. WEBTAXI S.\u00e0 r.l. supprimera imm\u00e9diatement le contenu concern\u00e9 d\u00e8s qu\u2019une telle violation de droits sera port\u00e9e \u00e0 sa connaissance.<\/p>\n\n\n\n<h2 class=\"wp-block-heading has-text-align-center\"><strong>14. L\u00e9gislation et lieu de juridiction<\/strong><\/h2>\n\n\n\n<p class=\"has-text-align-center\">Tout litige concernant le site internet&nbsp;<strong>www.webtaxi.lu&nbsp;<\/strong>est r\u00e9gi par les lois luxembourgeoises&nbsp;; les tribunaux luxembourgeois ont comp\u00e9tence exclusive.<\/p>\n\n\n\n<h2 class=\"wp-block-heading has-text-align-center\"><strong>15. R\u00e8glement de conflits<\/strong><\/h2>\n\n\n\n<p class=\"has-text-align-center\">La Commission europ\u00e9enne met \u00e0 disposition une plateforme en ligne pour r\u00e9gler les conflits. Veuillez trouvez plus d&#8217;informations ici&nbsp;: <a href=\"https:\/\/mpc.gouvernement.lu\/fr\/dossiers\/2022\/rel.html\"><mark style=\"background-color:rgba(0, 0, 0, 0)\" class=\"has-inline-color has-luminous-vivid-orange-color\">https:\/\/mpc.gouvernement.lu\/fr\/dossiers\/2022\/rel.html<\/mark><\/a><\/p>\n\n\n\n<p class=\"has-text-align-center\">L\u2019utilisateur peux contacter WEBTAXI s.\u00e0 r.l. via le formulaire de contact ou par courriel direct sur info@webtaxi.lu. WEBTAXI S.\u00e0 r.l. n\u2019est pas pr\u00eate ou oblig\u00e9e \u00e0 assister \u00e0 des proc\u00e9dures de r\u00e8glement de conflits devant une commission de conciliation relative aux consommateurs.<\/p>\n\n\n\n<h2 class=\"wp-block-heading has-text-align-center\"><strong>16. Politique de confidentialit\u00e9<\/strong><\/h2>\n\n\n\n<p class=\"has-text-align-center\"><strong><em>WEBTAXI<\/em><\/strong>&nbsp;S.\u00e0 r.l., repr\u00e9sent\u00e9 par son g\u00e9rant Emile WEBER, est le responsable du traitement des donn\u00e9es personnelles. Veuillez trouver notre politique concernant la protection des donn\u00e9es personnelles sur la page &#8220;D\u00e9claration de confidentialit\u00e9&#8221;.<\/p>\n","protected":false},"excerpt":{"rendered":"<p>1. Si\u00e8ge de la soci\u00e9t\u00e9 WEBTAXI S.\u00e0 r.l.85, Rue du GolfL-1638 Senningerberg 2. Adresse postale WEBTAXI S.\u00e0 r.l.85, Rue du GolfL-1638 Senningerberg 3. Repr\u00e9sent\u00e9e par Emile WEBER &#8211; G\u00e9rant 4. Contact T\u00e9l\u00e9phone&nbsp;: (+352) 27&nbsp;515Adresse e-mail&nbsp;:&nbsp;info@webtaxi.lu 5. Capital de la soci\u00e9t\u00e9 40.000 \u20ac 6. Registre de commerce Inscription au registre de commerce.Registre de commerce et des [&hellip;]<\/p>\n","protected":false},"author":2,"featured_media":0,"parent":0,"menu_order":0,"comment_status":"closed","ping_status":"closed","template":"","meta":{"_acf_changed":false,"footnotes":""},"class_list":["post-625","page","type-page","status-publish","hentry"],"acf":[],"_links":{"self":[{"href":"https:\/\/webtaxi.lu\/en\/wp-json\/wp\/v2\/pages\/625","targetHints":{"allow":["GET"]}}],"collection":[{"href":"https:\/\/webtaxi.lu\/en\/wp-json\/wp\/v2\/pages"}],"about":[{"href":"https:\/\/webtaxi.lu\/en\/wp-json\/wp\/v2\/types\/page"}],"author":[{"embeddable":true,"href":"https:\/\/webtaxi.lu\/en\/wp-json\/wp\/v2\/users\/2"}],"replies":[{"embeddable":true,"href":"https:\/\/webtaxi.lu\/en\/wp-json\/wp\/v2\/comments?post=625"}],"version-history":[{"count":1,"href":"https:\/\/webtaxi.lu\/en\/wp-json\/wp\/v2\/pages\/625\/revisions"}],"predecessor-version":[{"id":656,"href":"https:\/\/webtaxi.lu\/en\/wp-json\/wp\/v2\/pages\/625\/revisions\/656"}],"wp:attachment":[{"href":"https:\/\/webtaxi.lu\/en\/wp-json\/wp\/v2\/media?parent=625"}],"curies":[{"name":"wp","href":"https:\/\/api.w.org\/{rel}","templated":true}]}}