{"id":567,"date":"2024-06-06T10:19:50","date_gmt":"2024-06-06T10:19:50","guid":{"rendered":"https:\/\/webtaxi.lu\/allgemeine-geschaeftsbedingungen-taxi-dienstleistungen\/"},"modified":"2024-08-29T07:59:10","modified_gmt":"2024-08-29T07:59:10","slug":"allgemeine-geschaeftsbedingungen-taxi-dienstleistungen","status":"publish","type":"page","link":"https:\/\/webtaxi.lu\/de\/allgemeine-geschaeftsbedingungen-taxi-dienstleistungen\/","title":{"rendered":"Allgemeine Gesch\u00e4ftsbedingungen: Taxi-Dienstleistungen"},"content":{"rendered":"\n<p>Untenstehend finden Sie die Allgemeinen Gesch\u00e4ftsbedingungen bez\u00fcglich der Taxi-Dienstleistungen von WEBTAXI S.\u00e0 r.l.<\/p>\n\n\n\n<p>Die Firma WEBTAXI S.\u00e0 rl mit Sitz in L-1638 Senningerberg, Rue<br>du Golf, 85, (Umsatzsteuernummer: LU 2774796 \/<br>Luxemburgische<br>Handelsregister Nr. B197685) ist Betreiber einer<br>Buchungszentrale f\u00fcr<br>Taxidienste. Dies erm\u00f6glicht es ihr, die Fahrzeuge dank eines<br>GPRSSystems (General Packet Radio Service) zu orten und<br>somit eine nahezu augenblickliche und effektive Verteilung von<br>Fahrtensicherzustellen, um so wiederum einen m\u00f6glichst hohen<br>Anteil an Leerfahrten zu vermeiden. Die Fahrten selbst werden<br>von<br>Unternehmen des &#8222;Webtaxi&#8220; -Netzwerks durchgef\u00fchrt, die \u00fcber<br>einen Anschlussvertrag an die Buchunsgzentrale von WEBTAXI<br>S.\u00e0 r.l. gebunden sind<\/p>\n\n\n\n<p><strong>1. Gegenstand des Vertrages<br><\/strong>1.1. Der Kunde schlie\u00dft den Vertrag unter den nachfolgend<br>aufgef\u00fchrten Bedingungen mit WEBTAXI S.\u00e0 r.l. f\u00fcr sich und<br>seine Begleiter ab: Der Vertrag betrifft Taxidienste, die von<br>verschiedenen Fahrzeugklassen ausgef\u00fchrt werden, n\u00e4mlich<br>WEBTAXI eco (Hybrid- oder Elektrofahrzeuge), WEBTAXI<br>Limousine (Mercedes E-Klasse) oder WEBTAXIKleinbussen, dies alles zu unterschiedlichen Tarifen.<\/p>\n\n\n\n<p><strong>2. Bestellung, Angebot und Vertragsabschluss (Reservierung)<br><\/strong>2.1. Die Bestellung kann vom Kunden entweder telefonisch<br>oder schriftlich per Post, E-Mail, \u00fcber die mobile Anwendung,<br>auf der Webseite oder \u00fcber ein Kundenkonto, das der Kunde<br>bei WEBTAXI S.\u00e0 r.l. erstellen kann, erfolgen.<br>2.2. WEBTAXI S.\u00e0r.l. unterbreitet dem Kunden nach<br>erfolgter Bestellung ein Angebot unter<br>Ber\u00fccksichtigung der Angaben \/ W\u00fcnsche des Kunden.<br>2.3. Nach dem Absenden des Angebots an den Kunden<br>wird diesem<br>eine bestimmte Frist gesetzt, um das Angebot anzunehmen.<br>Nach Ablauf dieser Frist ist das Angebot nicht mehr g\u00fcltig und gilt<br>als abgelehnt.<br>2.4. Wenn der Kunde das Angebot innerhalb der<br>angegebenen Frist annimmt, muss er dieses<br>best\u00e4tigen\/unterschreiben und an WEBTAXI S.\u00e0.r.l.<br>weiterleiten\/zur\u00fcckschicken, dieser Vorgang entspricht einer<br>Best\u00e4tigung des<br>Angebotes, sodass sich ein Vertrag zwischen WEBTAXI S.\u00e0 r.l.<br>und dem Kunden bildet. Eine schriftliche Best\u00e4tigung, die einer<br>Reservierung entspricht, wird anschlie\u00dfend von WEBTAXI S.\u00e0 r.l.<br>an den Kunden gesendet. Wenn der Kunde keine schriftliche<br>Best\u00e4tigung von WEBTAXI S.\u00e0 r.l. erh\u00e4lt, muss er seine<br>Reservierung als nicht best\u00e4tigt ansehen.<br>2.5. Alle Vereinbarungen, Nebenabreden und<br>Sonderw\u00fcnsche des Kunden, die er bei der Bestellung<br>mitteilt, m\u00fcssen schriftlich erfasst sein, andernfalls haben sie<br>keinen Beweiswert. Bei Unstimmigkeiten zwischen dem Inhalt<br>der Bestellung und dem der Best\u00e4tigung ist der Inhalt der<br>Bestellung entscheidend.<\/p>\n\n\n\n<p><strong>3. \u00c4nderungen der Bestellung nach Best\u00e4tigung (VIP Service)<br><\/strong>3.1. Vom Kunden nach Vertragsabschluss gew\u00fcnschte<br>\u00c4nderungen sind nur mit ausdr\u00fccklicher Zustimmung<br>von WEBTAXI S.\u00e0.r.l. m\u00f6glich.<br>3.2. Wenn WEBTAXI S.\u00e0.r.l., aufgrund ihm aufgezwungener<br>Umst\u00e4nde jedweder Art, \u00c4nderungen<br>vornehmen sollte, hat WEBTAXI S.\u00e0 rl eine Verpflichtung, dem<br>Kunden dies mitzuteilen; dar\u00fcber hinaus d\u00fcrfen diese<br>Umst\u00e4nde nicht von einer unannehmbaren Eigenschaft f\u00fcr<br>den Kunden sein.<\/p>\n\n\n\n<p><strong>4. Sichergestellte Leistungen von WEBTAXI S.\u00e0.r.l. <br><\/strong>4.1. WEBTAXI S.\u00e0.r.l. stellt nur die in der Best\u00e4tigung, ausdr\u00fccklich<br>angegebenen Leistungen sicher. Diese sind: 1. Die gew\u00fcnschte,<br>beziehungsweise h\u00f6here, in Absprache mit der internen<br>Organisation von WEBTAXI S.\u00e0 r.l., Kategorie Fahrzeug sowie<br>Platzkapazit\u00e4t im Fahrzeug; 2. Die Durchf\u00fchrung der Fahrt vom<br>Abfahrtsort zum Ankunftsort; 3. Die strenge Einhaltung der<br>europ\u00e4ischen Regelungen hinsichtlich Fahrtzeiten, t\u00e4glicher<br>Arbeit, Ruhephase der Fahrer und der Verkehrsordnungen; 4.<br>Der Transport des Kundengep\u00e4cks und, gegebenenfalls,<br>Kleintieren\/Paketen.<br>4.2. Andere Leistungen, die nicht im Angebot oder der<br>Best\u00e4tigung angegeben wurden, fallen jedoch nicht unter jene,<br>die von WEBTAXI S.\u00e0.r.l. sichergestellt werden.<\/p>\n\n\n\n<p><strong>5. Preise und Zahlungsm\u00f6glichkeiten<br><\/strong>5.1. Der Preis f\u00fcr die erbrachte Leistung ist der im Vertrag<br>angegebene. Dieser Preis beinhaltet die Taxifahrt(en) sowie die<br>anfallenden Geb\u00fchren.<br>5.2. Die zus\u00e4tzlichen Kosten, die sich aus den vom Kunden nach<br>Best\u00e4tigung verlangten \u00c4nderungen der<br>Bestellung ergeben, sind von ihm selbst zu bezahlen.<br>5.3. Bei Sch\u00e4den jeglicher Art an den Fahrzeugen, die durch den<br>Kunden oder seine Begleiter verursacht werden, gehen die damit<br>verbundenen Kosten (Reparaturen, Reinigung usw.) zu Lasten<br>des Kunden. Erbricht sich beispielsweise ein Kunde oder einer<br>seiner Begleiter in einem Fahrzeug, so betragen die<br>Reinigungskosten, zu denen unter anderem die vom Fahrer<br>geleistete Reinigungsarbeit und die Reinigungsausr\u00fcstung<br>geh\u00f6ren, 180,00 Euro.<br>5.4. Die Zahlung einer Fahrt kann auf drei verschiedene Arten<br>erfolgen: 1. Der Kunde zahlt am Ende der Fahrt direkt in bar oder<br>mit Hilfe eines anderen Zahlungsmittels (VPAY-Karte oder<br>Kreditkarte); 2. Der Kunde zahlt die Leistung an die<br>Reservierungszentrale von WEBTAXI S.\u00e0.r.l.; 3. Dem Kunden,<br>der ein Konto bei der Reservierungszentrale WEBTAXI S.\u00e0.r.l.<br>er\u00f6ffnet hat, wird der Betrag der Leistung von seiner Kreditkarte<br>abgebucht.<br>5.5 Bei Nichtzahlung des im schriftlichen Vertrag festgelegten<br>Preises beh\u00e4lt sich WEBTAXI S.\u00e0 rl das<br>Recht vor, den geschuldeten Betrag auf rechtlichem Wege<br>einzuziehen. <\/p>\n\n\n\n<p><strong>6. Preis\u00e4nderungen<br><\/strong>6.1. Sofern nichts Anderes vereinbart ist, beh\u00e4lt sich WEBTAXI<br>S.\u00e0 r.l. ausdr\u00fccklich das Recht vor, den im<br>Vertrag festgelegten Preis zu \u00e4ndern, wenn die Transportkosten<br>(Kraftstoffkosten, Stra\u00dfenbenutzungsgeb\u00fchren usw.), die dem<br>Vertrag zuzurechnen sind, eine unerwartete<br>Erh\u00f6hung nach Vertragsschluss erleiden; in diesem Fall muss<br>diese Erh\u00f6hung nach Benachrichtigung des Kunden von<br>letzterem bezahlt werden.<\/p>\n\n\n\n<p><strong>7. Ersatzkunde<\/strong><br>7.1. Der Kunde kann sich bis zum Beginn der Fahrt durch einen<br>Dritten ersetzen lassen, sofern dieser den Anforderungen gen\u00fcgt<br>und seiner Teilnahme keine gesetzlichen Vorschriften oder<br>beh\u00f6rdliche Anordnungen entgegenstehen, die dem Dritten die<br>Teilnahme\/Abfahrt untersagen. Der Kunde sowie der Dritte haften<br>WEBTAXI S.\u00e0 r.l. gegen\u00fcber als Gesamtschuldner f\u00fcr den<br>Dienstleistungspreis und f\u00fcr die durch den Transport des Dritten<br>entstehenden Mehrkosten.<\/p>\n\n\n\n<p><strong>8. R\u00fccktritt durch den Kunden \u2013 Nicht-Antritt des Kunden<br><\/strong>8.1. Jede Fahrt, die f\u00fcr sofort bestellt wurde, (\u00fcber die \u201eF\u00fcr jetzt\u201c<br>Taste) kann bis zu drei Minuten nachdem diese von der<br>Reservierungszentrale an den jeweiligen Fahrer \u00fcbermittelt<br>wurde, kostenlos storniert werden.<br>Jede Fahrt die f\u00fcr sp\u00e4ter bestellt wurde( \u201eF\u00fcr sp\u00e4ter\u201c Taste), kann<br>kostenlos bis 20 Minuten vor dem genauen Zeitpunkt der Abfahrt<br>abgesagt werden.<br>8.2. Die Stornierung durch den Kunden hat schriftlich oder<br>m\u00fcndlich per Telefon zu erfolgen.<br>8.3. Au\u00dfer in den in Artikel 8.1. genannten F\u00e4llen, hat WEBTAXI<br>S.\u00e0 r.l. das Recht, im Falle einer Stornierung der Fahrt durch den<br>Kunden, eine Stornogeb\u00fchr zu erheben. In dieser Hinsicht wird<br>jede Fahrt zu der der Kunde nichtinnerhalb von f\u00fcnf Minuten nach<br>der geplanten Abfahrt oder nachdem der Kunde per SMS oder<br>jeglichen anderen Benachrichtigung \u00fcber die Ankunft des<br>Fahrzeuges informiert worden ist, nicht antritt, als Stornierung<br>betrachtet und gem\u00e4\u00df den folgenden Tarifen berechnet:<\/p>\n\n\n\n<ol class=\"wp-block-list\">\n<li><\/li>\n<\/ol>\n\n\n\n<ul class=\"wp-block-list\">\n<li>50% des angegebenen Angebotpreises der betroffenen<br>Fahrt mit folgenden Einschr\u00e4nkungen:<\/li>\n\n\n\n<li>Die Stornokosten f\u00fcr eine Fahrt im WEBTAXI eco d\u00fcrfen<br>nicht weniger als 5,00 Euro und nicht mehr als 10,00 Euro<br>betragen;<\/li>\n\n\n\n<li>Die Stornokosten f\u00fcr eine Fahrt im WEBTAXI limo d\u00fcrfen<br>nicht weniger als 5,00 Euro und nicht mehr als 20,00 Euro<br>betragen;<\/li>\n\n\n\n<li>Die Stornokosten f\u00fcr eine Fahrt im WEBTAXI van d\u00fcrfen<br>nicht weniger als 10,00 Euro und nicht mehr als 30,00 Euro<br>betragen.<\/li>\n<\/ul>\n\n\n\n<p><strong>9. K\u00fcndigung bei schwerer St\u00f6rung durch den Kunden oder<br>seine Begleiter (VIP Service)<\/strong><br>9.1. WEBTAXI S.\u00e0 r.l. kann den Vertrag fristlos k\u00fcndigen, falls der<br>Kunde oder einer seiner Begleiter trotz Abmahnung die Fahrt<br>erheblich st\u00f6rt, sodass seine weitere Teilnahme an der Fahrt f\u00fcr<br>WEBTAXI S.\u00e0 r.l. nicht mehr zumutbar ist. Dies gilt auch, wenn<br>der Kunde oder einer seiner Begleiter sich nicht an sachlich<br>begr\u00fcndete Hinweise h\u00e4lt. WEBTAXI S.\u00e0 r.l. steht in diesem Fall<br>der Fahrtpreis weiter zu, soweit sich nicht ersparte Aufwendungen<br>und Vorteile aus einer anderweitigen Verwertung der<br>Dienstleistung(en) ergeben. Schadensersatzanspr\u00fcche im<br>\u00dcbrigen bleiben hiervon unber\u00fchrt.<\/p>\n\n\n\n<p><strong>10. R\u00fccktritt durch WEBTAXI S.\u00e0 r.l.<br><\/strong>10.1. WEBTAXI S.\u00e0.r.l. beh\u00e4lt sich das Recht vor, vor Fahrtbeginn<br>vom Vertrag zur\u00fcckzutreten. Falls der R\u00fccktritt durch WEBTAXI<br>S.\u00e0 r.l. nicht durch den Kunden verschuldet ist, werden alle<br>geleisteten Zahlungen, die im direkten Zusammenhang mit der<br>Bestellung sind, nach Vertragsaufl\u00f6sung an den Kunden<br>zur\u00fcckgezahlt. Der Kunde hat kein Recht auf Schadensersatz,<br>falls der Vertrag vor Transferbeginn aus folgenden Gr\u00fcnden<br>aufgel\u00f6st wird:<\/p>\n\n\n\n<ol class=\"wp-block-list\">\n<li><\/li>\n<\/ol>\n\n\n\n<ul class=\"wp-block-list\">\n<li>Annullierung infolge h\u00f6herer Gewalt, d.h. infolge anormaler,<br>unvorhersehbarer und gegen\u00fcber dem sich darauf Berufenden<br>\u00e4u\u00dferer Umst\u00e4nde, die trotz aller Gewissenhaftigkeit nicht<br>verhindert werden konnten.<\/li>\n<\/ul>\n\n\n\n<p><strong>11. K\u00fcndigung infolge h\u00f6herer Gewalt<br><\/strong>11.1. Falls vor Transferbeginn eine wesentliche Vertragsleistung<br>durch ein WEBTAXI S.\u00e0 r.l. gegen\u00fcber \u00e4u\u00dferes Ereignis<br>unm\u00f6glich wird, so hat der Kunde, der geb\u00fchrend dar\u00fcber<br>informiert wurde, das Recht, vom Vertrag innerhalb einer<br>angemessenen Frist zur\u00fcckzutreten oder sich ohne Aufpreis f\u00fcr<br>eine gleich- oder h\u00f6herwertige Ersatzleistung, die ihm von<br>WEBTAXI S.\u00e0 r.l. angeboten wird, zu entscheiden. Sollte sich der<br>Kunde f\u00fcr den R\u00fccktritt vom Vertrag entscheiden, werden ihm alle<br>bereits gezahlten Betr\u00e4ge innerhalb eines Zeitraums von einem<br>Monat ohne Aufpreis zur\u00fcckerstattet. Bei einer minderwertigen<br>Ersatzleistung hat der Kunde Anspruch auf R\u00fcckerstattung des<br>Preisunterschieds.<\/p>\n\n\n\n<p><strong>12. Transportm\u00e4ngel, Obliegenheiten des Kunden, Rechte<br>des Kunden<\/strong><br>12.1. Sollte w\u00e4hrend des Transfers eine wesentliche<br>Vertragsleistung, weshalb auch immer, nicht erbracht werden<br>k\u00f6nnen, so wird das WEBTAXI<br>S.\u00e0 r.l., sofern es diesem m\u00f6glich ist, eine zumindest<br>gleichwertige<br>Ersatzleistung anbieten. Im Falle einer h\u00f6herwertigen<br>Ersatzleistung \u00fcbernimmt WEBTAXI S.\u00e0 r.l. die Kosten des<br>Aufpreises; im Falle einer Minderleistung wird der<br>Preisunterschied zwischen der urspr\u00fcnglich vorgesehenen und<br>der erbrachten Leistung erstellt. Die im Vertrag vorgesehenen<br>und durch WEBTAXI S.\u00e0 r.l. gelieferten Leistungen sind vom<br>Kunden zu bezahlen.<br>12.2. Der Kunde ist dazu verpflichtet, ohne jegliche vorherige<br>Ma\u00dfnahme von WEBTAXI S.\u00e0 r.l., sich selbst \u00fcber die<br>Formalit\u00e4ten hinsichtlich Reisepass, Visa, Fremdw\u00e4hrungen, Z\u00f6lle<br>sowie Gesundheit\/Hygiene ihn w\u00e4hrend des Transports<br>betreffend zu informieren und sich diesen anzupassen.<br>12.3. W\u00e4hrend der Fahrt m\u00fcssen der Kunde und seine Begleiter<br>den Anweisungen des Fahrers, der die Fahrt begleitet,<br>ausdr\u00fccklich Folge leisten. Falls der Kunde oder seine Begleiter<br>dies nicht tun, so hat WEBTAXI S.\u00e0 r.l. das Recht, die st\u00f6renden<br>Personen von der Fahrt auszuschlie\u00dfen, falls diese eine Gefahr<br>f\u00fcr die weitere Fahrt darstellen. Beschwerden des Kunden gegen<br>WEBTAXI S.\u00e0 r.l. sind in diesem Fall unzul\u00e4ssig.<\/p>\n\n\n\n<p><strong>13. Haftungsbeschr\u00e4nkungen<br><\/strong>13.1. Die vertragliche Haftung von WEBTAXI S.\u00e0 r.l. f\u00fcr Sch\u00e4den,<br>die nicht K\u00f6rpersch\u00e4den sind, ist auf den im Vertrag<br>festgehaltenen Preis beschr\u00e4nkt, soweit ein Schaden des Kunden<br>oder seiner Begleiter nicht durch den Kunden selbst oder einen<br>seiner Begleiter vors\u00e4tzlich oder grob fahrl\u00e4ssig, einen Dritten<br>oder infolge h\u00f6herer Gewalt herbeigef\u00fchrt wurde.<br>13.2. Die Ausf\u00fchrung des Transports nach den geltenden<br>nationalen, europ\u00e4ischen und internationalen<br>Rechtsbestimmungen obliegt der Verantwortung des<br>Unternehmens.<br>13.3. Gelten f\u00fcr eine zu erbringende Leistung internationale<br>\u00dcbereinkommen oder auf diesen beruhenden gesetzlichen<br>Bestimmungen, nach denen ein Anspruch auf Schadensersatz<br>nur unter bestimmten Voraussetzungen oder Beschr\u00e4nkungen<br>geltend gemacht werden kann, so kann sich WEBTAXI S.\u00e0 r.l.<br>gegen\u00fcber dem Kunden auf diese \u00dcbereinkommen und die<br>darauf beruhenden gesetzlichen Bestimmungen berufen.<br>13.4. WEBTAXI S.\u00e0 r.l. kann nicht haftbar f\u00fcr das Benehmen des<br>Kunden oder seiner Begleiter w\u00e4hrend der Fahrt gemacht werden<br>\u2013 die Verantwortung obliegt dem Kunden selbst oder seinen<br>Begleitern.<\/p>\n\n\n\n<p><strong>14. Mitwirkungspflichten des Kunden<br><\/strong>14.1. W\u00e4hrend der Fahrt ist der Kunde dazu verpflichtet, im<br>Rahmen seiner M\u00f6glichkeiten, im Falle von Streitigkeiten<br>zwischen seinen Begleitern und dem Fahrer die Funktion eines<br>Vermittlers zwischen den Parteien auszuf\u00fcllen.<\/p>\n\n\n\n<p><strong>15. Gep\u00e4ck des Kunden\/Bef\u00f6rderung von Kleintieren oder<br>Paketen, Kindersitz des Kunden und Option (Sitzerh\u00f6hung)<\/strong><br>15.1. Der Kunde ist dazu verpflichtet, WEBTAXI S.\u00e0 r.l. vor der<br>Abfahrt mitzuteilen, welche Arten von Gep\u00e4ck\/Kleintieren\/Paketen<br>auf der Fahrt transportiert werden sollen, sodass sich WEBTAXI<br>S.\u00e0 r.l. dementsprechend bestens vorbereiten kann.<br>15.2. Der Kunde hat die M\u00f6glichkeit, seinen eigenen Kindersitz f\u00fcr<br>eine Fahrt mitzubringen. Die korrekte Befestigung des<br>Kindersitzes im Fahrzeug f\u00e4llt dem Fahrer zu.<br>15.3. Der Preis f\u00fcr die Mitnahme von Kleintieren \/ Paketen ist vom<br>Kunden zus\u00e4tzlich zum Gesamtpreis der Fahrt zu zahlen.<br>15.4. Ebenso muss der Kunde vor Reiseantritt angeben, ob er bei<br>seiner Fahrt von einer Sitzerh\u00f6hung Gebrauch machen m\u00f6chte.<br>Der Fahrer ist daher nicht verpflichtet, dem Kunden, der keine<br>Sitzerh\u00f6hung im Voraus bestellt hat, geeignete Sitzpl\u00e4tze zur<br>Verf\u00fcgung zu stellen und hat sogar das Recht, eine Fahrt zu<br>verweigern, wenn keine geeignete Vorrichtung verf\u00fcgbar ist, vor<br>allem dann wenn der Kunde bei der Buchung vergessen hat, eine<br>solche Vorrichtung zu bestellen.Der Kunde kann zudem nur eine<br>Sitzerh\u00f6hung pro Fahrzeug bestellen.<br>15.5. Die Aufsichtspflicht des bef\u00f6rderten Gep\u00e4cks \/ Kleintieres \/<br>Pakets \/ Kindersitzes obliegt dem Kunden.<br>15.6. Beim Be- und Entladen von Gep\u00e4ck, Kleintieren, Paketen<br>oder Kindersitzen ist WEBTAXI S.\u00e0 rl nicht bei Diebstahl von<br>Gep\u00e4ck \/ Kleintieren \/ Paketen \/ Kindersitzen verantwortlich.<\/p>\n\n\n\n<p><strong>16. Ausschlussfrist und Verj\u00e4hrung<br><\/strong>16.1. Anspr\u00fcche wegen mangelhafter Leistung \u2013 ausgenommen<br>K\u00f6rpersch\u00e4den &#8211; hat der Kunde innerhalb 30 Tagen (f\u00fcr das<br>Einreichdatum der Beschwerden gilt das Datum des<br>Poststempels) nach der vertraglich vorgesehenen Beendigung<br>des Transports\/Transfers gegen\u00fcber WEBTAXI S.\u00e0 r.l. schriftlich<br>geltend zu machen, sofern nicht die Frist ohne eigenes<br>Verschulden nicht eingehalten werden konnte.<br>16.2. Anspr\u00fcche des Kunden im Sinne der Ziffer 17.1. \u2013<br>ausgenommen K\u00f6rpersch\u00e4den -verj\u00e4hren grunds\u00e4tzlich in einem<br>Jahr nach dem vertraglich vorgesehenen<br>Bef\u00f6rderungs\/Transferende. Die Verj\u00e4hrungsfrist von einem Jahr<br>beginnt nicht vor Mitteilung eines Mangels an WEBTAXI S.\u00e0 r.l.<br>durch den Kunden.<\/p>\n\n\n\n<p><strong>17. Versicherungsinformationen<br><\/strong>17.1. Die Taxifahrt ist im Rahmen der gesetzlichen<br>Bestimmungen versichert.<\/p>\n\n\n\n<p><strong>18. Wichtige Anmerkung<br><\/strong>18.1. WEBTAXI S.\u00e0 r.l. beh\u00e4lt sich das Recht vor, die vorliegenden<br>Allgemeinen Gesch\u00e4ftsbedingungen abzu\u00e4ndern. Etwaige<br>\u00c4nderungen k\u00f6nnen nur unter der Bedingung gegen\u00fcber dem<br>Kunden geltend gemacht werden, dass sie diesem schriftlich vor<br>Vertragsabschluss mitgeteilt worden sind.<\/p>\n\n\n\n<p><strong>19. Geltendes Recht<br><\/strong>19.1. F\u00fcr abgeschlossene Vertr\u00e4ge gilt das luxemburgische<br>Recht.<\/p>\n\n\n\n<p><strong>20. Konfliktbeilegung<br><\/strong>20.1. Die Parteien versuchen, Streitigkeiten aus dem zwischen<br>WEBTAXI S.\u00e0 r.l. und dem Kunden unterzeichneten Vertrag<br>zun\u00e4chst im Rahmen von Verhandlungen und dann im Rahmen<br>eines Mediationsverfahrens gem\u00e4\u00df den Mediationsregeln des<br>\u201eCentre de M\u00e9diation Civile et Commerciale (CMCC)\u201c in<br>Luxemburg-Stadt durch Unterzeichnung einer Vereinbarung im<br>Hinblick auf die Mediation gem\u00e4\u00df Artikel 1251-9 des \u201eNouveau<br>Code de Proc\u00e9dure Civile\u201c beizulegen.<br>20.2. Nach dieser Vorschrift des \u201eNouveau Code de Proc\u00e9dure<br>Civile\u201c f\u00fchrt die Unterzeichnung dieser Vereinbarung im Hinblick<br>auf die Mediation zu einer Hemmung der Verj\u00e4hrungsfristen<br>w\u00e4hrend des Mediationsverfahrens.<br>20.3. Die Verpflichtung zu dessen Durchf\u00fchrung gilt dann als<br>erf\u00fcllt und das Mediationsverfahren als beendet im Sinne von<br>Artikel 1251-5, Absatz 2, Satz 3, des \u201eNouveau Code de<br>Proc\u00e9dure Civile\u201c, wenn nach der ersten Sitzung vor dem<br>Mediator die Parteien oder eine der Parteien die Beilegung der<br>Streitigkeit nicht mehr mit Hilfe einer Mediation fortsetzen<br>m\u00f6chte(n).<br>20.4. Falls ein Mediationsverfahren gem\u00e4\u00df den Mediationsregeln<br>des \u201eCentre de M\u00e9diation Civile et Commerciale (CMCC)\u201c in<br>Luxemburg-Stadt es nicht schafft, eine Streitigkeit zwischen<br>WEBTAXI S.\u00e0 r.l. und dem Kunden zu beenden, sind f\u00fcr den<br>weiteren Verlauf ausschliesslich die luxemburgischen Gerichte<br>zust\u00e4ndig, um sich dieser Streitigkeit anzunehmen und diese<br>beizulegen.<br><\/p>\n\n\n\n<p><strong>21. Verarbeitung personenbezogener Daten<br><\/strong>21.1. Ein zwischen dem Kunden und WEBTAXI S.\u00e0 r.l.<br>geschlossener Vertrag kann die Bedingung voraussetzen, dass<br>WEBTAXI S.\u00e0 r.l. vom Kunden personenbezogene Daten erhebt,<br>deren Verarbeitung f\u00fcr die Vertragserf\u00fcllung und \/ oder die<br>Erf\u00fcllung gesetzlicher Verpflichtungen erforderlich ist. In diesem<br>Fall k\u00f6nnen die Daten von WEBTAXI S.\u00e0 r.l. verarbeitet,<br>aufgezeichnet und archiviert oder sogar an Dritte oder<br>Subunternehmer weitergegeben werden. Die gesamte<br>\u00dcbermittlung personenbezogener Daten erfolgt gem\u00e4\u00df<br>luxemburgischem Recht und EU-Recht, einschlie\u00dflich der<br>Datenschutz-Grundverordnung (Nr. 679\/2016 \/ EU).<br>21.2. Sofern nicht anders angegeben, enthalten diese Daten<br>den Namen des Kunden oder seines \/ ihrer Vertreter(s)<br>(wenn es sich um eine juristische Person handelt), eine<br>Postanschrift, eine Rechnungsadresse, eine E-MailAdresse. Wenn dies jedoch f\u00fcr die Vertragserf\u00fcllung<br>erforderlich ist, k\u00f6nnen die vom Kunden \u00fcbermittelten<br>Informationen umfangreicher sein.<br>21.3. Der Zugriff auf diese Daten ist abgesichert und<br>WEBTAXI S.\u00e0 r.l. wird den Kunden \u00fcber jede<br>unbefugte Nutzung der Daten in Kenntnis setzen.<br>21.4. Der Kunde erkl\u00e4rt, dar\u00fcber informiert worden zu sein,<br>dass er einerseits, gem\u00e4\u00df den luxemburgischen<br>Rechtsvorschriften zur Verarbeitung<br>personenbezogener Daten, zu jeder Zeit das Recht<br>hat, auf die ihn betreffenden personenbezogenen<br>Daten zuzugreifen und diese zu berichtigen und<br>andererseits das Recht hat, die Verarbeitung seiner<br>Daten zu verweigern, infolgedessen sich WEBTAXI<br>S.\u00e0 r.l. das Recht vorbeh\u00e4lt, den Abschluss eines<br>Vertrages, in dem solche Daten zur<br>Vertragsausf\u00fchrung notwendig w\u00e4ren, zu verweigern.<br>21.5. Die Daten k\u00f6nnen \u00fcber die gesamte Dauer des<br>Vertrags und zehn (10) Jahre nach dessen Ablauf<br>sichergestellt werden, unbeschadet etwaiger<br>Verj\u00e4hrungsfristen, gesetzlicher oder beh\u00f6rdlicher<br>Verpflichtungen, die eine l\u00e4ngere Aufbewahrungsfrist<br>vorsehen.<\/p>\n\n\n\n<ol class=\"wp-block-list\">\n<li><\/li>\n<\/ol>\n","protected":false},"excerpt":{"rendered":"<p>Untenstehend finden Sie die Allgemeinen Gesch\u00e4ftsbedingungen bez\u00fcglich der Taxi-Dienstleistungen von WEBTAXI S.\u00e0 r.l. Die Firma WEBTAXI S.\u00e0 rl mit Sitz in L-1638 Senningerberg, Ruedu Golf, 85, (Umsatzsteuernummer: LU 2774796 \/LuxemburgischeHandelsregister Nr. B197685) ist Betreiber einerBuchungszentrale f\u00fcrTaxidienste. Dies erm\u00f6glicht es ihr, die Fahrzeuge dank einesGPRSSystems (General Packet Radio Service) zu orten undsomit eine nahezu augenblickliche und [&hellip;]<\/p>\n","protected":false},"author":2,"featured_media":0,"parent":0,"menu_order":0,"comment_status":"closed","ping_status":"closed","template":"","meta":{"_acf_changed":false,"footnotes":""},"class_list":["post-567","page","type-page","status-publish","hentry"],"acf":[],"_links":{"self":[{"href":"https:\/\/webtaxi.lu\/de\/wp-json\/wp\/v2\/pages\/567","targetHints":{"allow":["GET"]}}],"collection":[{"href":"https:\/\/webtaxi.lu\/de\/wp-json\/wp\/v2\/pages"}],"about":[{"href":"https:\/\/webtaxi.lu\/de\/wp-json\/wp\/v2\/types\/page"}],"author":[{"embeddable":true,"href":"https:\/\/webtaxi.lu\/de\/wp-json\/wp\/v2\/users\/2"}],"replies":[{"embeddable":true,"href":"https:\/\/webtaxi.lu\/de\/wp-json\/wp\/v2\/comments?post=567"}],"version-history":[{"count":4,"href":"https:\/\/webtaxi.lu\/de\/wp-json\/wp\/v2\/pages\/567\/revisions"}],"predecessor-version":[{"id":816,"href":"https:\/\/webtaxi.lu\/de\/wp-json\/wp\/v2\/pages\/567\/revisions\/816"}],"wp:attachment":[{"href":"https:\/\/webtaxi.lu\/de\/wp-json\/wp\/v2\/media?parent=567"}],"curies":[{"name":"wp","href":"https:\/\/api.w.org\/{rel}","templated":true}]}}