{"id":565,"date":"2024-06-06T10:21:31","date_gmt":"2024-06-06T10:21:31","guid":{"rendered":"https:\/\/webtaxi.lu\/allgemeine-geschaeftsbedingungen-mietdienstleistungen\/"},"modified":"2024-06-13T08:42:47","modified_gmt":"2024-06-13T08:42:47","slug":"allgemeine-geschaeftsbedingungen-mietdienstleistungen","status":"publish","type":"page","link":"https:\/\/webtaxi.lu\/de\/allgemeine-geschaeftsbedingungen-mietdienstleistungen\/","title":{"rendered":"Allgemeine Gesch\u00e4ftsbedingungen: Mietdienstleistungen"},"content":{"rendered":"\n<p>Untenstehend finden Sie die Allgemeinen Gesch\u00e4ftsbedingungen bez\u00fcglich der Mietdienstleistungen <\/p>\n\n\n\n<p>mit oder ohne Fahrer von WEBTAXI S.\u00e0 r.l.<\/p>\n\n\n\n<p>Die Firma WEBTAXI S.\u00e0 rl mit Sitz in L-1638 Senningerberg, Rue du Golf,<br>85, (Umsatzsteuer-Identifikationsnummer: LU 2774796 \/ Luxemburgische<br>Handelsregister-Nr. B197685) stellt dem Kunden Mietwagen mit oder<br>ohne Fahrer zur Verf\u00fcgung, dies mit Hilfe von Unternehmen, die<br>vertraglich an WEBTAXI S.\u00e0 r.l. gebunden sind und zudem alle n\u00f6tigen<br>Voraussetzungen zur Erf\u00fcllung der vorher beschriebenen<br>Dienstleistungen mit sich bringen.<\/p>\n\n\n\n<p><strong>1. Gegenstand des Vertrages<br><\/strong>1.1. Der Kunde schlie\u00dft den Vertrag f\u00fcr sich und seine Begleitpersonen<br>im Falle von<br>Mietwagenleistungen mit oder ohne Fahrer unter den nachfolgend<br>aufgef\u00fchrten Bedingungen mit<br>WEBTAXI S.\u00e0 rl ab: Der Vertrag bezieht sich auf Mietwagenleistungen<br>mit oder ohne Fahrer einiger<br>Fahrzeugklassen, Mercedes E-Klasse, S-Klasse oder Klasse V, nach<br>unterschiedlich<br>geltenden Tarifen, die unter anderem einen VIP-Service, einen<br>Fernverkehrsdienst oder einen<br>Abholservice vom Flughafen umfassen k\u00f6nnen.<\/p>\n\n\n\n<p><strong>2. Bestellung, Angebot und Vertragsabschluss<br><\/strong>2.1. Die Bestellung kann vom Kunden schriftlich per Post oder E-Mail<br>erfolgen.<br>2.2. WEBTAXI S.\u00e0r.l. unterbreitet dem Kunden nach erfolgter Bestellung<br>ein Angebot unter<br>Ber\u00fccksichtigung der Angaben \/ W\u00fcnsche des Kunden.<br>2.3. Nach dem Absenden des Angebots an den Kunden wird diesem<br>eine bestimmte Frist gesetzt, um das Angebot<br>anzunehmen. Nach dieser Frist ist das Angebot nicht mehr g\u00fcltig und<br>gilt als abgelehnt.<br>2.4. Wenn der Kunde das Angebot innerhalb der angegebenen Frist<br>annimmt, muss er dieses<br>unterschreiben und an WEBTAXI S.\u00e0.r.l. zur\u00fcckschicken, dieser<br>Vorgang entspricht einer Best\u00e4tigung des<br>Angebotes. Ein schriftlicher Vertrag in zweifacher Ausfertigung wird<br>dann von WEBTAXI S.\u00e0 rl an den<br>Kunden zur Unterschrift geschickt; wenn der Kunde keinen schriftlichen<br>Vertrag von WEBTAXI S.\u00e0.r.l.<br>erh\u00e4lt oder im Falle einer Nicht-Unterzeichnung der zwei Ausfertigungen<br>des Vertrages durch den<br>Kunden, muss er seine Best\u00e4tigung des Angebotes als abgelehnt<br>ansehen.<br>2.5. Alle Vereinbarungen, Nebenabreden und Sonderw\u00fcnsche des<br>Kunden, die er bei der Bestellung<br>mitteilt, m\u00fcssen schriftlich erfasst sein, andernfalls haben sie keinen<br>Beweiswert. Bei Unstimmigkeiten<br>zwischen dem Inhalt der Bestellung und dem des Vertrages ist der<br>Inhalt des Vertrages entscheidend.<\/p>\n\n\n\n<p><strong>3. \u00c4nderungen der Bestellung nach Best\u00e4tigung<br><\/strong>3.1. Vom Kunden nach Vertragsabschluss gew\u00fcnschte \u00c4nderungen<br>sind nur mit ausdr\u00fccklicher<br>Zustimmung von WEBTAXI S.\u00e0.r.l. m\u00f6glich.<br>3.2. Vorbehaltlich Ziffer 3.1. sind \u00c4nderungen, die der Kunde mehr als<br>zw\u00f6lf Stunden vor der Abholzeit<br>vornimmt, kostenfrei.<br>3.3. Eine \u00c4nderung durch den Kunden weniger als zwei Stunden vor der<br>Abholzeit ist nicht m\u00f6glich.<br>Diese \u00c4nderung durch den Kunden gilt dann als neue Buchung, die f\u00fcr<br>den Kunden die vollst\u00e4ndige<br>Zahlung dieser neuen Reservierung sowie die vollst\u00e4ndige Zahlung der<br>alten Reservierung zur Folge hat.<br>3.4. F\u00fcr \u00c4nderungen, die der Kunde zwischen zw\u00f6lf und zwei Stunden<br>vor der Abholzeit der<br>\u00dcberweisung vornimmt, wird eine Geb\u00fchr von 5,00 Euro erhoben.<br>3.5. Wenn WEBTAXI S.\u00e0.r.l., aufgrund ihm aufgezwungener Umst\u00e4nde<br>jedweder Art, \u00c4nderungen<br>vornehmen sollte, hat WEBTAXI S.\u00e0 rl eine Verpflichtung, dem Kunden<br>dies mitzuteilen; dar\u00fcber hinaus<br>d\u00fcrfen diese Umst\u00e4nde nicht von einer unannehmbaren Eigenschaft f\u00fcr<br>den Kunden sein.<\/p>\n\n\n\n<p><strong>4. Sichergestellte Leistungen von WEBTAXI S.\u00e0.r.l.<br><\/strong>4.1. WEBTAXI S.\u00e0 r.l. stellt nur die im Angebot, beziehungsweise in der<br>Best\u00e4tigung, ausdr\u00fccklich angegebenen Leistungen sicher. Diese sind: 1.<br>Die gew\u00fcnschte, beziehungsweise h\u00f6heren, in Absprache mit der<br>internen Organisation von WEBTAXI S.\u00e0 r.l., Kategorie Fahrzeug sowie<br>Platzkapazit\u00e4t im Fahrzeug; 2. Die Ausf\u00fchrung des Transportes vom<br>Abfahrtspunkt zum Ankunftspunkt; 3. Die strenge Einhaltung der<br>europ\u00e4ischen Regelungen hinsichtlich Fahrtzeiten, t\u00e4glicher Arbeit,<br>Ruhephase der Fahrer und der Verkehrsordnungen; 4. Der Transport des<br>Kundengep\u00e4cks und, gegebenenfalls, Kleintieren\/Paketen.<br>4.2. Andere Leistungen, die nicht in der Best\u00e4tigung angegeben wurden,<br>fallen jedoch nicht unter jene, die von WEBTAXI S.\u00e0 r.l. sichergestellt<br>werden.<\/p>\n\n\n\n<p><strong>5. Mindestdauer der Leistungen<br><\/strong>5.1. Die Leistung muss mindestens eine Dauer von einer Stunde (60<br>Minuten) haben.<\/p>\n\n\n\n<p><strong>6. Preise und Zahlungsm\u00f6glichkeiten<br><\/strong>6.1. Der Preis f\u00fcr die erbrachte Leistung ist der im Vertrag angegebene.<br>Dieser Preis beinhaltet den<br>Transfer oder die Transfers in Fahrzeugen mit oder ohne Fahrer sowie<br>den Service und die anfallenden Geb\u00fchren und<br>eine Aufz\u00e4hlung der verschiedenen Tarife sind den vorliegenden<br>Allgemeinen Gesch\u00e4ftsbedingungen beigef\u00fcgt.<br>6.2. Die zus\u00e4tzlichen Kosten, die sich aus den vom Kunden nach<br>Best\u00e4tigung verlangten \u00c4nderungen der<br>Bestellung ergeben, sind von ihm selbst zu bezahlen.<br>6.3. Bei Sch\u00e4den jeglicher Art im Fahrzeug, die vom Kunden oder<br>seinen Begleitern verursacht werden, gehen<br>die damit verbundenen Kosten (Reparaturen, Reinigung usw.) zu<br>Lasten des Kunden. Erbricht sich<br>beispielsweise ein Kunde oder einer seiner Begleiter in einem<br>Fahrzeug, so betragen die Reinigungskosten,<br>zu denen unter anderem die vom Fahrer geleistete Reinigungsarbeit<br>und die Reinigungsausr\u00fcstung<br>geh\u00f6ren, 180,00 Euro.<br>6.4. Die Zahlung eines Transfers kann auf zwei verschiedene Arten<br>erfolgen: 1. Die detaillierte Abrechnung der<br>Transfers wird monatlich erfasst und an die Adresse des Kunden<br>gesendet; 2. Am Ende des Transfers<br>zahlt der Kunde die Kosten direkt in bar oder mit einem anderen<br>Zahlungsmittel (VPAY-Karte oder<br>Kreditkarte) an den Fahrer.<br>6.5. Bei Nichtzahlung des im schriftlichen Vertrag festgelegten Preises<br>beh\u00e4lt sich WEBTAXI S.\u00e0 rl das<br>Recht vor, den geschuldeten Betrag auf rechtlichem Wege einzuziehen.<\/p>\n\n\n\n<p><strong>7. Preis\u00e4nderungen<br><\/strong>7.1. Sofern nichts anderes vereinbart ist, beh\u00e4lt sich WEBTAXI S.\u00e0 rl<br>ausdr\u00fccklich das Recht vor, den im<br>Vertrag festgelegten Preis zu \u00e4ndern, wenn die Transportkosten<br>(Kraftstoffkosten, Fahrerunterk\u00fcnfte,<br>Parkpl\u00e4tze, Stra\u00dfenbenutzungsgeb\u00fchren usw.), die dem Vertrag<br>zuzurechnen sind, eine unerwartete<br>Erh\u00f6hung nach Vertragsschluss erleiden; in diesem Fall muss diese<br>Erh\u00f6hung nach Benachrichtigung<br>des Kunden von letzterem bezahlt werden.<\/p>\n\n\n\n<p><strong>8. Ersatzkunde<br><\/strong>8.1. Der Kunde kann sich bis zum Beginn der Transfers durch<br>einen Dritten ersetzen lassen, sofern dieser den Anforderungen<br>gen\u00fcgt und seiner Teilnahme nicht gesetzliche Vorschriften oder<br>beh\u00f6rdliche Anordnungen entgegenstehen, die dem Dritten die<br>Teilnahme\/Abfahrt untersagen. Der Kunde sowie der Dritte haften<br>WEBTAXI S.\u00e0 r.l. gegen\u00fcber als Gesamtschuldner f\u00fcr den<br>Dienstleistungspreis und f\u00fcr die durch die Teilnahme des Dritten<br>entstehenden Mehrkosten.<\/p>\n\n\n\n<p><strong>9. R\u00fccktritt durch den Kunden \u2013 Nicht-Antritt des Transfers<br><\/strong>9.1. Stornierungen mehr als zw\u00f6lf Stunden vor Abholzeit sind kostenlos.<br>9.2. Bei einer Stornierung zwischen zw\u00f6lf und sechs Stunden vor der<br>Abholzeit werden 50% des<br>Gesamttransferpreises berechnet.<br>9.3. Bei einer Stornierung weniger als sechs Stunden vor der Abholzeit<br>werden 100% des Gesamtpreises des Transfers berechnet.<\/p>\n\n\n\n<p><strong>10. K\u00fcndigung bei schwerer St\u00f6rung durch den Kunden oder<br>seine Begleiter<\/strong><br>10.1. WEBTAXI S.\u00e0 r.l. kann den Vertrag fristlos k\u00fcndigen, falls<br>der Kunde oder einer seiner Begleiter trotz Abmahnung den<br>Transfer erheblich st\u00f6rt, sodass seine weitere Teilnahme am<br>Transfer f\u00fcr WEBTAXI S.\u00e0 r.l. nicht mehr zumutbar ist. Dies gilt<br>auch, wenn der Kunde oder einer seiner Begleiter sich nicht an<br>sachlich begr\u00fcndete Hinweise h\u00e4lt. WEBTAXI S.\u00e0 r.l. steht in<br>diesem Fall der Transferpreis weiter zu, soweit sich nicht ersparte<br>Aufwendungen und Vorteile aus einer anderweitigen Verwertung<br>der Dienstleistung(en) ergeben. Schadensersatzanspr\u00fcche im<br>\u00dcbrigen bleiben hiervon unber\u00fchrt.<\/p>\n\n\n\n<p><strong>11. R\u00fccktritt durch WEBTAXI S.\u00e0 r.l.<br><\/strong>11.1. WEBTAXI S.\u00e0. r.l. beh\u00e4lt sich das Recht vor, vor Transferbeginn<br>vom Vertrag zur\u00fcckzutreten. Falls der R\u00fccktritt durch WEBTAXI S.\u00e0 r.l.<br>nicht durch den Kunden verschuldet ist, werden alle geleisteten<br>Zahlungen, die im direkten Zusammenhang mit der Bestellung sind, nach<br>Vertragsaufl\u00f6sung an den Kunden zur\u00fcckgezahlt. Der Kunde hat kein<br>Recht auf Schadensersatz, falls der Vertrag vor Transferbeginn aus<br>folgenden Gr\u00fcnden aufgel\u00f6st wird:<\/p>\n\n\n\n<ol class=\"wp-block-list\"><\/ol>\n\n\n\n<ul class=\"wp-block-list\">\n<li>Annullierung infolge h\u00f6herer Gewalt, d.h. infolge anormaler,<br>unvorhersehbarer und gegen\u00fcber dem sich darauf Berufenden \u00e4u\u00dferer<br>Umst\u00e4nde, die trotz aller Gewissenhaftigkeit nicht verhindert werden<br>konnten.<\/li>\n<\/ul>\n\n\n\n<p><strong>12. K\u00fcndigung infolge h\u00f6herer Gewalt<br><\/strong>12.1. Falls vor Transferbeginn eine wesentliche Vertragsleistung durch<br>ein WEBTAXI S.\u00e0 r.l. gegen\u00fcber \u00e4u\u00dferes Ereignis unm\u00f6glich wird, so hat<br>der Kunde, der geb\u00fchrend dar\u00fcber informiert wurde, das Recht, vom<br>Vertrag innerhalb einer angemessenen Frist zur\u00fcckzutreten oder sich<br>ohne Aufpreis f\u00fcr eine gleich- oder h\u00f6herwertige Ersatzleistung, die ihm<br>von WEBTAXI S.\u00e0 r.l. angeboten wird, zu entscheiden. Sollte sich der<br>Kunde f\u00fcr den R\u00fccktritt vom Vertrag entscheiden, werden ihm alle bereits<br>gezahlten Betr\u00e4ge innerhalb eines Zeitraums von einem Monat ohne<br>Aufpreis zur\u00fcckerstattet. Bei einer minderwertigen Ersatzleistung hat der<br>Kunde Anspruch auf R\u00fcckerstattung des Preisunterschieds.<\/p>\n\n\n\n<p><strong>13. Transportm\u00e4ngel, Obliegenheiten des Kunden, Rechte<br>des Kunden<\/strong><br>13.1. Sollte w\u00e4hrend des Transfers eine wesentliche Vertragsleistung,<br>weshalb auch immer, nicht erbracht werden k\u00f6nnen, so wird das WEBTAXI<br>S.\u00e0 r.l., sofern es diesem m\u00f6glich ist, eine zumindest gleichwertige<br>Ersatzleistung anbieten. Im Falle einer h\u00f6herwertigen Ersatzleistung<br>\u00fcbernimmt WEBTAXI S.\u00e0 r.l. die Kosten des Aufpreises; im Falle einer<br>Minderleistung wird der Preisunterschied zwischen der urspr\u00fcnglich<br>vorgesehenen und der erbrachten Leistung erstellt. Die im Vertrag<br>vorgesehenen und durch WEBTAXI S.\u00e0 r.l. gelieferten Leistungen sind<br>vom Kunden zu bezahlen.<br>13.2. Der Kunde ist dazu verpflichtet, ohne jegliche vorherige<br>Ma\u00dfnahme von WEBTAXI S.\u00e0 r.l., sich selbst \u00fcber die<br>Formalit\u00e4ten hinsichtlich Reisepass, Visa, Fremdw\u00e4hrungen,<br>Z\u00f6lle sowie Gesundheit\/Hygiene ihn w\u00e4hrend des Transports<br>betreffend zu informieren und sich diesen anzupassen.<br>13.3. W\u00e4hrend der Fahrt m\u00fcssen der Kunde und seine Begleiter den<br>Anweisungen des Fahrers, der die Fahrt begleitet, ausdr\u00fccklich Folge<br>leisten. Falls der Kunde oder seine Begleiter dies nicht tun, so hat<br>WEBTAXI S.\u00e0 r.l. das Recht, die st\u00f6renden Personen von der Fahrt<br>auszuschlie\u00dfen, falls diese eine Gefahr f\u00fcr die weitere Fahrt darstellen.<br>Beschwerden des Kunden gegen WEBTAXI S.\u00e0 r.l. sind in diesem Fall<br>unzul\u00e4ssig.<\/p>\n\n\n\n<p><strong>14. Haftungsbeschr\u00e4nkungen<br><\/strong>14.1. Die vertragliche Haftung von WEBTAXI S.\u00e0 r.l. f\u00fcr Sch\u00e4den,<br>die nicht K\u00f6rpersch\u00e4den sind, ist auf den im Vertrag<br>festgehaltenen Preis beschr\u00e4nkt, soweit ein Schaden des Kunden<br>oder seiner Begleiter nicht durch den Kunden selbst oder einen<br>seiner Begleiter vors\u00e4tzlich oder grob fahrl\u00e4ssig, einen Dritten<br>oder infolge h\u00f6herer Gewalt herbeigef\u00fchrt wurde.<br>14.2. Die Ausf\u00fchrung des Transports nach den geltenden<br>nationalen, europ\u00e4ischen und internationalen<br>Rechtsbestimmungen obliegt der Verantwortung des<br>Unternehmens.<br>14.3. Gelten f\u00fcr eine zu erbringende Leistung internationale<br>\u00dcbereinkommen oder auf diesen beruhenden gesetzlichen<br>Bestimmungen, nach denen ein Anspruch auf Schadensersatz<br>nur unter bestimmten Voraussetzungen oder Beschr\u00e4nkungen<br>geltend gemacht werden kann, so kann sich WEBTAXI S.\u00e0 r.l.<br>gegen\u00fcber dem Kunden auf diese \u00dcbereinkommen und die<br>darauf beruhenden gesetzlichen Bestimmungen berufen.<br>14.4. WEBTAXI S.\u00e0 r.l. kann nicht haftbar f\u00fcr das Benehmen des<br>Kunden oder seiner Begleiter w\u00e4hrend der Fahrt gemacht werden<br>\u2013 die Verantwortung obliegt dem Kunden selbst oder seinen<br>Begleitern.<\/p>\n\n\n\n<p><strong>15. Mitwirkungspflichten des Kunden<br><\/strong>15.1. Wenn nichts Anderes vermerkt ist, ist der Kunde dazu<br>verpflichtet, WEBTAXI S.\u00e0 r.l. die endg\u00fcltige Route des Transfers<br>sowie die genaue Anzahl der Teilnehmer zeitnah vor der Abfahrt<br>mitzuteilen.<br>15.2. W\u00e4hrend der Fahrt ist der Kunde dazu verpflichtet, im<br>Rahmen seiner M\u00f6glichkeiten, im Falle von Streitigkeiten<br>zwischen seinen Begleitern und dem Fahrer die Funktion eines<br>Vermittlers zwischen den Parteien auszuf\u00fcllen.<\/p>\n\n\n\n<p><strong>16. Gep\u00e4ck des Kunden\/Bef\u00f6rderung von Kleintieren oder<br>Paketen, Kindersitz des Kunden und Option (Sitzerh\u00f6hung)<\/strong><br>16.1. Der Kunde ist dazu verpflichtet, WEBTAXI S.\u00e0 r.l. vor der<br>Abfahrt mitzuteilen, welche Arten von Gep\u00e4ck\/Kleintieren\/Paketen<br>auf der Fahrt transportiert werden sollen, sodass sich WEBTAXI<br>S.\u00e0 r.l. dementsprechend bestens vorbereiten kann.<br>16.2. Der Kunde hat die M\u00f6glichkeit, seinen eigenen Kindersitz<br>f\u00fcr einen Transfer mitzubringen. Die korrekte Befestigung des<br>Kindersitzes im Fahrzeug f\u00e4llt dem Fahrer zu.<br>16.3. Der Preis f\u00fcr den Transfer von Kleintieren \/ Paketen ist vom<br>Kunden zus\u00e4tzlich zum Gesamtpreis des Transfers zu zahlen.<br>16.4. Ebenso muss der Kunde vor Reiseantritt angeben, ob er bei<br>seinem Transfer von einer Sitzerh\u00f6hung Gebrauch machen<br>m\u00f6chte. Der Fahrer ist daher nicht verpflichtet, dem Kunden, der<br>keine Sitzerh\u00f6hung im Voraus bestelle hat, geeignete Sitzpl\u00e4tze<br>zur Verf\u00fcgung zu stellen. Der Kunde kann nur eine Sitzerh\u00f6hung<br>pro Fahrzeug bestellen.<br>16.5. Das Sorgerecht des Gep\u00e4cks \/ Kleintieres \/ Pakets \/<br>Kindersitzes obliegt dem Kunden.<br>16.6. Beim Be- und Entladen von Gep\u00e4ck, Kleintieren, Paketen<br>oder Kindersitzen ist WEBTAXI S.\u00e0 rl nicht bei Diebstahl von<br>Gep\u00e4ck \/ Kleintieren \/ Paketen \/ Kindersitzen verantwortlich.<\/p>\n\n\n\n<p><strong>17. Ausschlussfrist und Verj\u00e4hrung<br><\/strong>17.1. Anspr\u00fcche wegen mangelhafter Leistung \u2013 ausgenommen<br>K\u00f6rpersch\u00e4den &#8211; hat der Kunde innerhalb 30 Tagen (f\u00fcr das<br>Einreichdatum der Beschwerden gilt das Datum des<br>Poststempels) nach der vertraglich vorgesehenen Beendigung<br>des Transports\/Transfers gegen\u00fcber WEBTAXI S.\u00e0 r.l. schriftlich<br>geltend zu machen, sofern nicht die Frist ohne eigenes<br>Verschulden nicht eingehalten werden konnte.<br>17.2. Anspr\u00fcche des Kunden im Sinne der Ziffer 17.1. \u2013<br>ausgenommen K\u00f6rpersch\u00e4den -verj\u00e4hren grunds\u00e4tzlich in einem<br>Jahr nach dem vertraglich vorgesehenen Bef\u00f6rderungs-<br>\/Transferende. Die Verj\u00e4hrungsfrist von einem Jahr beginnt nicht<br>vor Mitteilung eines Mangels an WEBTAXI S.\u00e0 r.l. durch den<br>Kunden.<\/p>\n\n\n\n<p><strong>18. Versicherungsinformationen<br><\/strong>18.1. Der Transfer in Mietwagen ist im Rahmen der gesetzlichen<br>Bestimmungen versichert.<\/p>\n\n\n\n<p><strong>19. Wichtige Anmerkung<br><\/strong>19.1. WEBTAXI S.\u00e0 r.l. beh\u00e4lt sich das Recht vor, die vorliegenden<br>Allgemeinen Gesch\u00e4ftsbedingungen abzu\u00e4ndern. Etwaige<br>\u00c4nderungen k\u00f6nnen nur unter der Bedingung gegen\u00fcber dem<br>Kunden geltend gemacht werden, dass sie diesem schriftlich vor<br>Vertragsabschluss mitgeteilt worden sind.<\/p>\n\n\n\n<p><strong>20. Geltendes Recht<br><\/strong>20.1. F\u00fcr abgeschlossene Vertr\u00e4ge gilt das luxemburgische<br>Recht.<\/p>\n\n\n\n<p><strong>21. Konfliktbeilegung<br><\/strong>21.1. Die Parteien versuchen, Streitigkeiten aus dem zwischen<br>WEBTAXI S.\u00e0 r.l. und dem Kunden unterzeichneten Vertrag<br>zun\u00e4chst im Rahmen von Verhandlungen und dann im Rahmen<br>eines Mediationsverfahrens gem\u00e4\u00df den Mediationsregeln des<br>\u201eCentre de M\u00e9diation Civile et Commerciale (CMCC)\u201c in<br>Luxemburg-Stadt durch Unterzeichnung einer Vereinbarung im<br>Hinblick auf die Mediation gem\u00e4\u00df Artikel 1251-9 des \u201eNouveau<br>Code de Proc\u00e9dure Civile\u201c beizulegen.<br>21.2. Nach dieser Vorschrift des \u201eNouveau Code de Proc\u00e9dure<br>Civile\u201c f\u00fchrt die Unterzeichnung dieser Vereinbarung im Hinblick<br>auf die Mediation zu einer Hemmung der Verj\u00e4hrungsfristen<br>w\u00e4hrend des Mediationsverfahrens.<br>21.3. Die Verpflichtung zu dessen Durchf\u00fchrung gilt dann als<br>erf\u00fcllt und das Mediationsverfahren als beendet im Sinne von<br>Artikel 1251-5, Absatz 2, Satz 3, des \u201eNouveau Code de<br>Proc\u00e9dure Civile\u201c, wenn nach der ersten Sitzung vor dem<br>Mediator die Parteien oder eine der Parteien die Beilegung der<br>Streitigkeit nicht mehr mit Hilfe einer Mediation fortsetzen<br>m\u00f6chte(n).<br>21.4. Falls ein Mediationsverfahren gem\u00e4\u00df den Mediationsregeln des<br>\u201eCentre de M\u00e9diation Civile et Commerciale (CMCC)\u201c in Luxemburg-Stadt<br>es nicht schafft, eine Streitigkeit zwischen WEBTAXI S.\u00e0 r.l. und dem<br>Kunden zu beenden, sind f\u00fcr den weiteren Verlauf ausschliesslich die<br>luxemburgischen Gerichte zust\u00e4ndig, um sich dieser Streitigkeit<br>anzunehmen und diese beizulegen.<\/p>\n\n\n\n<p><strong>22. Verarbeitung personenbezogener Daten<br><\/strong>22.1. Ein zwischen dem Kunden und WEBTAXI S.\u00e0 r.l.<br>geschlossener Vertrag kann die Bedingung voraussetzen, dass<br>WEBTAXI S.\u00e0 r.l. vom Kunden personenbezogene Daten erhebt,<br>deren Verarbeitung f\u00fcr die Vertragserf\u00fcllung und \/ oder die<br>Erf\u00fcllung gesetzlicher Verpflichtungen erforderlich ist. In diesem<br>Fall k\u00f6nnen die Daten von WEBTAXI S.\u00e0 r.l. verarbeitet,<br>aufgezeichnet und archiviert oder sogar an Dritte oder<br>Subunternehmer weitergegeben werden. Die gesamte<br>\u00dcbermittlung personenbezogener Daten erfolgt gem\u00e4\u00df<br>luxemburgischem Recht und EU-Recht, einschlie\u00dflich der<br>Datenschutz-Grundverordnung (Nr. 679\/2016 \/ EU).<br>22.2. Sofern nicht anders angegeben, enthalten diese Daten den<br>Namen des Kunden oder seines \/ ihrer Vertreter(s) (wenn es sich<br>um eine juristische Person handelt), eine Postanschrift, eine<br>Rechnungsadresse, eine E-Mail-Adresse. Wenn dies jedoch f\u00fcr<br>die Vertragserf\u00fcllung erforderlich ist, k\u00f6nnen die vom Kunden<br>\u00fcbermittelten Informationen umfangreicher sein.<br>22.3. Der Zugriff auf diese Daten ist abgesichert und WEBTAXI<br>S.\u00e0 r.l. wird den Kunden \u00fcber jede unbefugte Nutzung der Daten<br>in Kenntnis setzen.<br>22.4. Der Kunde erkl\u00e4rt, dar\u00fcber informiert worden zu sein, dass<br>er einerseits, gem\u00e4\u00df den luxemburgischen Rechtsvorschriften zur<br>Verarbeitung personenbezogener Daten, zu jeder Zeit das Recht<br>hat, auf die ihn betreffenden personenbezogenen Daten<br>zuzugreifen und diese zu berichtigen und andererseits das Recht<br>hat, die Verarbeitung seiner Daten zu verweigern, infolgedessen<br>sich WEBTAXI S.\u00e0 r.l. das Recht vorbeh\u00e4lt, den Abschluss eines<br>Vertrages, in dem solche Daten zur Vertragsausf\u00fchrung<br>notwendig w\u00e4ren, zu verweigern.<br>22.5. Die Daten k\u00f6nnen \u00fcber die gesamte Dauer des Vertrags<br>und zehn (10) Jahre nach dessen Ablauf sichergestellt werden,<br>unbeschadet etwaiger Verj\u00e4hrungsfristen, gesetzlicher oder<br>beh\u00f6rdlicher Verpflichtungen, die eine l\u00e4ngere Aufbewahrungsfrist<br>vorsehen.<br>Im Artikel 6.1. angek\u00fcndigtes Preisraster der vorliegenden AGB:<br>Mercedes E-Klasse &#8211; 55,00 \u20ac inkl. MwSt. pro angebrochener<br>Stunde, bis zu vier Fahrg\u00e4ste, Mindestdauer je Dienstleistung :<br>zwei Stunden<br>Mercedes S-Klasse &#8211; \u20ac 75,00 inkl. MwSt. pro angebrochener<br>Stunde, bis zu vier Fahrg\u00e4ste, Mindestdauer je Dienstleistung :<br>zwei Stunden<br>Mercedes Klasse V &#8211; 75,00 Euro inkl. MwSt. pro angebrochener<br>Stunde, bis zu sechs hin zu sieben Fahrg\u00e4sten, Mindestdauer je<br>Dienstleistung : zwei Stunden<br>Diese Preise gelten wochentags von 6.00 bis 22.00 Uhr.<br>Ein Zuschlag von 10% gilt von 22:00 Uhr bis 6:00 Uhr.<br>F\u00fcr Sonn- und Feiertage betr\u00e4gt die Erh\u00f6hung pro Stunde 25%.<br>Die oben genannten Preise entsprechen einem Preis pro<br>Fahrzeug, unabh\u00e4ngig von der Anzahl der Passagiere.<br>Optionen:<br>Sitzerh\u00f6hung => kostenlos<br>Transport eines Kleintiers => 0,80 Euro<br>Transport eines Pakets => 0,80 Euro<\/p>\n\n\n\n<ol class=\"wp-block-list\"><\/ol>\n","protected":false},"excerpt":{"rendered":"<p>Untenstehend finden Sie die Allgemeinen Gesch\u00e4ftsbedingungen bez\u00fcglich der Mietdienstleistungen mit oder ohne Fahrer von WEBTAXI S.\u00e0 r.l. Die Firma WEBTAXI S.\u00e0 rl mit Sitz in L-1638 Senningerberg, Rue du Golf,85, (Umsatzsteuer-Identifikationsnummer: LU 2774796 \/ LuxemburgischeHandelsregister-Nr. B197685) stellt dem Kunden Mietwagen mit oderohne Fahrer zur Verf\u00fcgung, dies mit Hilfe von Unternehmen, dievertraglich an WEBTAXI S.\u00e0 r.l. [&hellip;]<\/p>\n","protected":false},"author":2,"featured_media":0,"parent":0,"menu_order":0,"comment_status":"closed","ping_status":"closed","template":"","meta":{"_acf_changed":false,"footnotes":""},"class_list":["post-565","page","type-page","status-publish","hentry"],"acf":[],"_links":{"self":[{"href":"https:\/\/webtaxi.lu\/de\/wp-json\/wp\/v2\/pages\/565","targetHints":{"allow":["GET"]}}],"collection":[{"href":"https:\/\/webtaxi.lu\/de\/wp-json\/wp\/v2\/pages"}],"about":[{"href":"https:\/\/webtaxi.lu\/de\/wp-json\/wp\/v2\/types\/page"}],"author":[{"embeddable":true,"href":"https:\/\/webtaxi.lu\/de\/wp-json\/wp\/v2\/users\/2"}],"replies":[{"embeddable":true,"href":"https:\/\/webtaxi.lu\/de\/wp-json\/wp\/v2\/comments?post=565"}],"version-history":[{"count":4,"href":"https:\/\/webtaxi.lu\/de\/wp-json\/wp\/v2\/pages\/565\/revisions"}],"predecessor-version":[{"id":784,"href":"https:\/\/webtaxi.lu\/de\/wp-json\/wp\/v2\/pages\/565\/revisions\/784"}],"wp:attachment":[{"href":"https:\/\/webtaxi.lu\/de\/wp-json\/wp\/v2\/media?parent=565"}],"curies":[{"name":"wp","href":"https:\/\/api.w.org\/{rel}","templated":true}]}}