{"id":563,"date":"2024-06-06T10:19:06","date_gmt":"2024-06-06T10:19:06","guid":{"rendered":"https:\/\/webtaxi.lu\/allgemeine-geschaeftsbedingungen-kurierdienst\/"},"modified":"2024-06-13T08:37:12","modified_gmt":"2024-06-13T08:37:12","slug":"allgemeine-geschaeftsbedingungen-kurierdienst","status":"publish","type":"page","link":"https:\/\/webtaxi.lu\/de\/allgemeine-geschaeftsbedingungen-kurierdienst\/","title":{"rendered":"Allgemeine Gesch\u00e4ftsbedingungen: Kurierdienst"},"content":{"rendered":"\n<p>Untenstehend finden Sie die Allgemeinen Gesch\u00e4ftsbedingungen bez\u00fcglich des Kurierdienstes von WEBTAXI S.\u00e0 r.l.<\/p>\n\n\n\n<p>Die Firma WEBTAXI S.\u00e0 rl mit Sitz in L-1638 Senningerberg, Rue du<br>Golf, 85, (Umsatzsteuernummer: LU 2774796 \/ Luxemburgische<br>Handelsregister Nr. B197685) ist Betreiber einer Buchungszentrale f\u00fcr<br>Kurierdienste. Dies erm\u00f6glicht es ihr, die Fahrzeuge dank eines<br>GPRS-Systems (General Packet Radio Service) zu orten und somit<br>eine nahezu augenblickliche und effektive Verteilung von Fahrten<br>sicherzustellen, um so wiederum einen m\u00f6glichst hohen Anteil an<br>Leerfahrten zu vermeiden. Die Fahrten selbst werden von<br>Unternehmen des &#8222;Webtaxi&#8220; -Netzwerks durchgef\u00fchrt, die \u00fcber einen<br>Anschlussvertrag an die Buchungszentrale von WEBTAXI S.\u00e0 r.l.<br>gebunden sind.<\/p>\n\n\n\n<p><strong>1. Gegenstand des Vertrages<br><\/strong>1.1. Der Kunde schlie\u00dft den Vertrag unter den nachfolgend<br>aufgef\u00fchrten Bedingungen mit WEBTAXI S.\u00e0 r.l. f\u00fcr sich ab: Der Vertrag<br>betrifft Kurierdienste, die von verschiedenen Fahrzeugklassen<br>ausgef\u00fchrt werden, n\u00e4mlich WEBTAXI eco (Hybrid- oder<br>Elektrofahrzeuge), WEBTAXI Limousine (Mercedes E-Klasse) oder<br>WEBTAXI-Kleinbussen, dies alles zu unterschiedlichen Tarifen.<\/p>\n\n\n\n<p><strong>2. Bestellung, Angebot und Vertragsabschluss (Reservierung)<br><\/strong>2.1. Die Bestellung kann vom Kunden entweder telefonisch oder<br>schriftlich per Post, E-Mail, \u00fcber die mobile Anwendung, auf der<br>Webseite oder \u00fcber ein Kundenkonto, das der Kunde bei<br>WEBTAXI S.\u00e0 r.l. erstellen kann, erfolgen.<br>2.2. WEBTAXI S.\u00e0r.l. unterbreitet dem Kunden nach erfolgter<br>Bestellung ein Angebot unter<br>Ber\u00fccksichtigung der Angaben \/ W\u00fcnsche des Kunden.<br>2.3. Nach dem Absenden des Angebots an den Kunden wird<br>diesem<br>eine bestimmte Frist gesetzt, um das Angebot<br>anzunehmen. Nach Ablauf dieser Frist ist das Angebot nicht mehr<br>g\u00fcltig und gilt als abgelehnt.<br>2.4. Wenn der Kunde das Angebot innerhalb der angegebenen<br>Frist annimmt, muss er dieses<br>best\u00e4tigen\/unterschreiben und an WEBTAXI S.\u00e0.r.l.<br>weiterleiten\/zur\u00fcckschicken, dieser Vorgang entspricht einer<br>Best\u00e4tigung des<br>Angebotes, sodass sich ein Vertrag zwischen WEBTAXI S.\u00e0 r.l.<br>und dem Kunden bildet. Eine schriftliche Best\u00e4tigung, die einer<br>Reservierung entspricht, wird anschlie\u00dfend von WEBTAXI S.\u00e0 r.l.<br>an den Kunden gesendet. Wenn der Kunde keine schriftliche<br>Best\u00e4tigung von WEBTAXI S.\u00e0.r.l. erh\u00e4lt, muss er seine<br>Reservierung als nicht best\u00e4tigt ansehen.<br>2.5. Alle Vereinbarungen, Nebenabreden und Sonderw\u00fcnsche<br>des Kunden, die er bei der Bestellung<br>mitteilt, m\u00fcssen schriftlich erfasst sein, andernfalls haben sie<br>keinen Beweiswert. Bei Unstimmigkeiten<br>zwischen dem Inhalt der Bestellung und dem der Best\u00e4tigung ist<br>der Inhalt der Best\u00e4tigung entscheidend.<\/p>\n\n\n\n<p><strong>3. \u00c4nderungen der Bestellung nach Best\u00e4tigung<br><\/strong>3.1. Vom Kunden nach Vertragsabschluss gew\u00fcnschte<br>\u00c4nderungen sind nur mit ausdr\u00fccklicher<br>Zustimmung von WEBTAXI S.\u00e0 r.l. m\u00f6glich.<br>3.2. Wenn WEBTAXI S.\u00e0 r.l., aufgrund ihm aufgezwungener<br>Umst\u00e4nde jedweder Art, \u00c4nderungen vornehmen sollte, hat<br>WEBTAXI S.\u00e0 r.l. eine Verpflichtung, dem Kunden dies<br>mitzuteilen; dar\u00fcber hinaus d\u00fcrfen diese Umst\u00e4nde nicht von<br>einer unannehmbaren Eigenschaft f\u00fcr den Kunden sein.<\/p>\n\n\n\n<p><strong>4. Sichergestellte Leistungen von WEBTAXI S.\u00e0 r.l.<br><\/strong>4.1. WEBTAXI S.\u00e0 r.l. stellt nur die im Angebot, beziehungsweise<br>in der Best\u00e4tigung, ausdr\u00fccklich angegebenen Leistungen sicher.<br>Diese sind: 1. Die gew\u00fcnschte, beziehungsweise h\u00f6here, in<br>Absprache mit der internen Organisation von WEBTAXI S.\u00e0 r.l.,<br>Kategorie Fahrzeug sowie Platzkapazit\u00e4t im Fahrzeug; 2. Die<br>Durchf\u00fchrung der Fahrt vom Abfahrtsort zum Ankunftsort; 3. Die<br>strenge Einhaltung der europ\u00e4ischen Regelungen hinsichtlich<br>Fahrtzeiten, t\u00e4glicher Arbeit, Ruhephase der Fahrer und der<br>Verkehrsordnungen; 4. Der Transport des Kundengep\u00e4cks und,<br>gegebenenfalls, Kleintieren\/Paketen.<br>4.2. Andere Leistungen, die nicht in der Best\u00e4tigung angegeben<br>wurden, fallen jedoch nicht unter jene, die von WEBTAXI S.\u00e0.r.l.<br>sichergestellt werden.<\/p>\n\n\n\n<p><strong>5. Preise und Zahlungsm\u00f6glichkeiten<br><\/strong>5.1. Der Preis f\u00fcr die erbrachte Leistung ist der im Vertrag<br>angegebene. Dieser Preis beinhaltet den<br>Kurierdienst sowie die anfallenden Geb\u00fchren. Eine Aufz\u00e4hlung<br>der verschiedenen Tarife sind den vorliegenden Allgemeinen<br>Gesch\u00e4ftsbedingungen beigef\u00fcgt.<br>5.2. Die zus\u00e4tzlichen Kosten, die sich aus den vom Kunden nach<br>Best\u00e4tigung verlangten \u00c4nderungen der<br>Bestellung ergeben, sind von ihm selbst zu bezahlen.<br>5.3. Bei Sch\u00e4den jeglicher Art an den Fahrzeugen, die durch die<br>Pakete verursacht werden, gehen die damit verbundenen Kosten<br>(Reparaturen, Reinigung usw.) zu Lasten des Kunden.<br>5.4. Die Zahlung eines Kurierdienstes kann auf drei verschiedene<br>Arten erfolgen: 1. Der Kunde zahlt am Ende der Fahrt direkt in bar<br>oder mit Hilfe eines anderen Zahlungsmittels (VPAY-Karte oder<br>Kreditkarte); 2. Der Kunde zahlt die Leistung an die<br>Reservierungszentrale von WEBTAXI S.\u00e0 r.l.; 3. Dem Kunden,<br>der ein Konto bei der Reservierungszentrale WEBTAXI S.\u00e0 r.l.<br>er\u00f6ffnet hat, wird der Betrag der Leistung von seiner Kreditkarte<br>abgebucht.<br>5.5. Bei Nichtzahlung des im schriftlichen Vertrag festgelegten<br>Preises beh\u00e4lt sich WEBTAXI S.\u00e0.r.l. das<br>Recht vor, den geschuldeten Betrag auf rechtlichem Wege<br>einzuziehen.<\/p>\n\n\n\n<p><strong>6. Preis\u00e4nderungen<br><\/strong>6.1. Sofern nichts anderes vereinbart ist, beh\u00e4lt sich WEBTAXI S.\u00e0 rl<br>ausdr\u00fccklich das Recht vor, den im<br>Vertrag festgelegten Preis zu \u00e4ndern, wenn die Transportkosten<br>(Kraftstoffkosten, Stra\u00dfenbenutzungsgeb\u00fchren usw.), die dem Vertrag<br>zuzurechnen sind, eine unerwartete<br>Erh\u00f6hung nach Vertragsschluss erleiden; in diesem Fall muss diese<br>Erh\u00f6hung nach Benachrichtigung<br>des Kunden von letzterem bezahlt werden.<\/p>\n\n\n\n<p><strong>7. Ersatzkunde<br><\/strong>7.1. Der Kunde kann sich bis zum Beginn der Bef\u00f6rderung durch<br>einen Dritten ersetzen lassen, sofern dieser sowie sein Paket den<br>Anforderungen gen\u00fcgt und der Bef\u00f6rderung keine gesetzlichen<br>Vorschriften oder beh\u00f6rdliche Anordnungen entgegenstehen, die<br>die besagte Bef\u00f6rderung untersagen. Der Kunde sowie der Dritte<br>haften WEBTAXI S.\u00e0 r.l. gegen\u00fcber als Gesamtschuldner f\u00fcr den<br>Dienstleistungspreis und f\u00fcr die entstehenden Mehrkosten.<\/p>\n\n\n\n<p><strong>8. R\u00fccktritt durch den Kunden \u2013 Nicht-Antritt des Kunden<br><\/strong>8.1. Jede Kurierfahrt, der f\u00fcr sofort bestellt wurde, (\u00fcber die \u201eF\u00fcr<br>jetzt\u201c Taste) kann bis zu drei Minuten nachdem die Fahrt von der<br>Reservierungszentrale an den jeweiligen Fahrer \u00fcbermittelt<br>wurde, kostenlos storniert werden.<br>Jede Fahrt, die f\u00fcr sp\u00e4ter bestellt wurde( \u201eF\u00fcr sp\u00e4ter\u201c Taste),<br>kann kostenlos bis 20 Minuten vor dem genauen Zeitpunkt der<br>Abfahrt abgesagt werden.<br>8.2. Die Stornierung durch den Kunden hat schriftlich oder<br>m\u00fcndlich per Telefon zu erfolgen.<br>8.3. Au\u00dfer in den in Artikel 8.1. genannten F\u00e4llen, hat WEBTAXI<br>S.\u00e0 r.l. das Recht, im Falle einer Stornierung des Dienstes durch<br>den Kunden, eine Stornogeb\u00fchr zu erheben. In dieser Hinsicht<br>wird jede Dienstleistung, zu der der Kunde nicht innerhalb von<br>f\u00fcnf Minuten nach der geplanten Abfahrt oder nachdem der<br>Kunde per SMS oder eine jeglichen Benachrichtigung \u00fcber die<br>Ankunft des Fahrzeuges informiert worden ist, nicht antritt, als<br>Stornierung betrachtet und gem\u00e4\u00df den folgenden Tarifen<br>berechnet:<\/p>\n\n\n\n<ol class=\"wp-block-list\"><\/ol>\n\n\n\n<ul class=\"wp-block-list\">\n<li>50% des angegebenen Angebotpreises der betroffenen<br>Fahrt mit folgenden Einschr\u00e4nkungen:<\/li>\n\n\n\n<li>Die Stornokosten f\u00fcr eine Fahrt im WEBTAXI eco d\u00fcrfen<br>nicht weniger als 5,00 Euro und nicht mehr als 10,00 Euro<br>betragen;<\/li>\n\n\n\n<li>Die Stornokosten f\u00fcr eine Fahrt im WEBTAXI limo d\u00fcrfen<br>nicht weniger als 5,00 Euro und nicht mehr als 20,00 Euro<br>betragen;<\/li>\n\n\n\n<li>Die Stornokosten f\u00fcr eine Fahrt im WEBTAXI van d\u00fcrfen<br>nicht weniger als 10,00 Euro und nicht mehr als 30,00 Euro<br>betragen.<\/li>\n<\/ul>\n\n\n\n<p><strong>9. R\u00fccktritt durch WEBTAXI S.\u00e0 r.l.<br><\/strong>9.1. WEBTAXI S.\u00e0.r.l. beh\u00e4lt sich das Recht vor, vor Fahrtbeginn<br>vom Vertrag zur\u00fcckzutreten. Falls der R\u00fccktritt durch WEBTAXI<br>S.\u00e0 r.l. nicht durch den Kunden verschuldet ist, werden alle<br>geleisteten Zahlungen, die im direkten Zusammenhang mit der<br>Bestellung sind, nach Vertragsaufl\u00f6sung an den Kunden<br>zur\u00fcckgezahlt. Der Kunde hat kein Recht auf Schadensersatz,<br>falls der Vertrag vor Transferbeginn aus folgenden Gr\u00fcnden<br>aufgel\u00f6st wird:<\/p>\n\n\n\n<ol class=\"wp-block-list\"><\/ol>\n\n\n\n<ul class=\"wp-block-list\">\n<li>Annullierung infolge h\u00f6herer Gewalt, d.h. infolge anormaler,<br>unvorhersehbarer und gegen\u00fcber dem sich darauf Berufenden<br>\u00e4u\u00dferer Umst\u00e4nde, die trotz aller Gewissenhaftigkeit nicht<br>verhindert werden konnten.<\/li>\n<\/ul>\n\n\n\n<p><strong>10. K\u00fcndigung infolge h\u00f6herer Gewalt<br><\/strong>10.1. Falls vor Transferbeginn eine wesentliche Vertragsleistung<br>durch ein WEBTAXI S.\u00e0 r.l. gegen\u00fcber \u00e4u\u00dferes Ereignis<br>unm\u00f6glich wird, so hat der Kunde, der geb\u00fchrend dar\u00fcber<br>informiert wurde, das Recht, vom Vertrag innerhalb einer<br>angemessenen Frist zur\u00fcckzutreten oder sich ohne Aufpreis f\u00fcr<br>eine gleich- oder h\u00f6herwertige Ersatzleistung, die ihm von<br>WEBTAXI S.\u00e0 r.l. angeboten wird, zu entscheiden. Sollte sich der<br>Kunde f\u00fcr den R\u00fccktritt vom Vertrag entscheiden, werden ihm alle<br>bereits gezahlten Betr\u00e4ge innerhalb eines Zeitraums von einem<br>Monat ohne Aufpreis zur\u00fcckerstattet. Bei einer minderwertigen<br>Ersatzleistung hat der Kunde Anspruch auf R\u00fcckerstattung des<br>Preisunterschieds.<\/p>\n\n\n\n<p><strong>11. Transportm\u00e4ngel, Obliegenheiten des Kunden, Rechte<br>des Kunden<\/strong><br>11.1. Sollte w\u00e4hrend der Fahrt eine wesentliche Vertragsleistung,<br>weshalb auch immer, nicht erbracht werden k\u00f6nnen, so wird<br>WEBTAXI S.\u00e0 r.l., sofern es diesem m\u00f6glich ist, eine zumindest<br>gleichwertige Ersatzleistung anbieten. Im Falle einer<br>h\u00f6herwertigen Ersatzleistung \u00fcbernimmt WEBTAXI S.\u00e0 r.l. die<br>Kosten des Aufpreises; im Falle einer Minderleistung wird der<br>Preisunterschied zwischen der urspr\u00fcnglich vorgesehenen und<br>der erbrachten Leistung erstellt. Die im Vertrag vorgesehenen<br>und durch WEBTAXI S.\u00e0 r.l. gelieferten Leistungen sind vom<br>Kunden zu bezahlen.<br>11.2. Der Kunde ist dazu verpflichtet, ohne jegliche vorherige<br>Ma\u00dfnahme von WEBTAXI S.\u00e0 r.l., sich selbst \u00fcber die<br>Formalit\u00e4ten hinsichtlich Z\u00f6lle sowie Gesundheit\/Hygiene das<br>Paket w\u00e4hrend des Transports betreffend zu informieren und sich<br>diesen anzupassen.<\/p>\n\n\n\n<p><strong>12. Haftungsbeschr\u00e4nkungen<br><\/strong>12.1 Die vertragliche Haftung von WEBTAXI S.\u00e0 r.l. f\u00fcr Sch\u00e4den<br>ist auf den im Vertrag festgehaltenen Preis beschr\u00e4nkt, soweit ein<br>Schaden des Kunden oder seiner Begleiter nicht durch den<br>Kunden selbst oder einen seiner Begleiter vors\u00e4tzlich oder grob<br>fahrl\u00e4ssig, einen Dritten oder infolge h\u00f6herer Gewalt<br>herbeigef\u00fchrt wurde<br>12.2. Die Ausf\u00fchrung des Transports nach den geltenden<br>nationalen, europ\u00e4ischen und internationalen<br>Rechtsbestimmungen obliegt der Verantwortung des<br>Unternehmens.<br>12.3. Gelten f\u00fcr eine zu erbringende Leistung internationale<br>\u00dcbereinkommen oder auf diesen beruhenden gesetzlichen<br>Bestimmungen, nach denen ein Anspruch auf Schadensersatz<br>nur unter bestimmten Voraussetzungen oder Beschr\u00e4nkungen<br>geltend gemacht werden kann, so kann sich WEBTAXI S.\u00e0 r.l.<br>gegen\u00fcber dem Kunden auf diese \u00dcbereinkommen und die<br>darauf beruhenden gesetzlichen Bestimmungen berufen.<\/p>\n\n\n\n<p><strong>13. Mitwirkungspflichten des Kunden<br><\/strong>13.1. Wenn nichts Anderes vermerkt ist, ist der Kunde dazu<br>verpflichtet, WEBTAXI S.\u00e0 r.l. die endg\u00fcltige Route der Fahrt<br>sowie die genaue Anzahl der Teilnehmer zeitnah vor der Abfahrt<br>mitzuteilen.<\/p>\n\n\n\n<p><strong>14. Spezifische Informationen<br><\/strong>14.1. Der Kunde muss vor der Abreise angeben, welche Arten<br>von Paketen w\u00e4hrend des Transports bef\u00f6rdert werden m\u00fcssen,<br>damit WEBTAXI S.\u00e0 r.l. sich bestm\u00f6glich und bedarfsgerecht<br>darauf vorbereiten kann.<br>14.2. Die Aufsichtspflicht der bef\u00f6rderten Pakete obliegt dem<br>Kunden.<br>14.3. Beim Be- und Entladen des Pakets\/der Pakete ist WEBTAXI<br>S.\u00e0 r.l. im Falle eines Diebstahls des Pakets \/ der Pakete nicht<br>verantwortlich.<\/p>\n\n\n\n<p><strong>15. Ausschlussfrist und Verj\u00e4hrung<br><\/strong>15.1. Anspr\u00fcche wegen mangelhafter Leistung \u2013 ausgenommen<br>K\u00f6rpersch\u00e4den &#8211; hat der Kunde innerhalb 30 Tagen (f\u00fcr das<br>Einreichdatum der Beschwerden gilt das Datum des<br>Poststempels) nach der vertraglich vorgesehenen Beendigung<br>des Transports\/Transfers gegen\u00fcber WEBTAXI S.\u00e0 r.l. schriftlich<br>geltend zu machen, sofern nicht die Frist ohne eigenes<br>Verschulden nicht eingehalten werden konnte.<br>15.2. Anspr\u00fcche des Kunden im Sinne der Ziffer 15.1. \u2013<br>ausgenommen K\u00f6rpersch\u00e4den -verj\u00e4hren grunds\u00e4tzlich in einem<br>Jahr nach dem vertraglich vorgesehenen Bef\u00f6rderungs-<br>\/Transferende. Die Verj\u00e4hrungsfrist von einem Jahr beginnt nicht<br>vor Mitteilung eines Mangels an WEBTAXI S.\u00e0 r.l. durch den<br>Kunden.<\/p>\n\n\n\n<p><strong>16. Versicherungsinformationen<br><\/strong>16.1. Der Transport des Paketes\/der Pakete ist im Rahmen der<br>gesetzlichen Bestimmungen versichert.<\/p>\n\n\n\n<p><strong>17. Wichtige Anmerkung<br><\/strong>17.1. WEBTAXI S.\u00e0 r.l. beh\u00e4lt sich das Recht vor, die<br>vorliegenden Allgemeinen Gesch\u00e4ftsbedingungen abzu\u00e4ndern.<br>Etwaige \u00c4nderungen k\u00f6nnen nur unter der Bedingung gegen\u00fcber<br>dem Kunden geltend gemacht werden, dass sie diesem schriftlich<br>vor Vertragsabschluss mitgeteilt worden sind.<\/p>\n\n\n\n<p><strong>18. Geltendes Recht<br><\/strong>18.1. F\u00fcr abgeschlossene Vertr\u00e4ge gilt das luxemburgische<br>Recht.<\/p>\n\n\n\n<p><strong>19. Konfliktbeilegung<br><\/strong>19.1. Die Parteien versuchen, Streitigkeiten aus dem zwischen<br>WEBTAXI S.\u00e0 r.l. und dem Kunden unterzeichneten Vertrag<br>zun\u00e4chst im Rahmen von Verhandlungen und dann im Rahmen<br>eines Mediationsverfahrens gem\u00e4\u00df den Mediationsregeln des<br>\u201eCentre de M\u00e9diation Civile et Commerciale (CMCC)\u201c in<br>Luxemburg-Stadt durch Unterzeichnung einer Vereinbarung im<br>Hinblick auf die Mediation gem\u00e4\u00df Artikel 1251-9 des \u201eNouveau<br>Code de Proc\u00e9dure Civile\u201c beizulegen.<br>19.2. Nach dieser Vorschrift des \u201eNouveau Code de Proc\u00e9dure<br>Civile\u201c f\u00fchrt die Unterzeichnung dieser Vereinbarung im Hinblick<br>auf die Mediation zu einer Hemmung der Verj\u00e4hrungsfristen<br>w\u00e4hrend des Mediationsverfahrens.<br>19.3. Die Verpflichtung zu dessen Durchf\u00fchrung gilt dann als<br>erf\u00fcllt und das Mediationsverfahren als beendet im Sinne von<br>Artikel 1251-5, Absatz 2, Satz 3, des \u201eNouveau Code de<br>Proc\u00e9dure Civile\u201c, wenn nach der ersten Sitzung vor dem<br>Mediator die Parteien oder eine der Parteien die Beilegung der<br>Streitigkeit nicht mehr mit Hilfe einer Mediation fortsetzen<br>m\u00f6chte(n).<br>19.4. Falls ein Mediationsverfahren gem\u00e4\u00df den Mediationsregeln<br>des \u201eCentre de M\u00e9diation Civile et Commerciale (CMCC)\u201c in<br>Luxemburg-Stadt es nicht schafft, eine Streitigkeit zwischen<br>WEBTAXI S.\u00e0 r.l. und dem Kunden zu beenden, sind f\u00fcr den<br>weiteren Verlauf ausschliesslich die luxemburgischen Gerichte<br>zust\u00e4ndig, um sich dieser Streitigkeit anzunehmen und diese<br>beizulegen.<\/p>\n\n\n\n<p><strong>20. Verarbeitung personenbezogener Daten<br><\/strong>20.1. Ein zwischen dem Kunden und WEBTAXI S.\u00e0 r.l.<br>geschlossener Vertrag kann die Bedingung voraussetzen, dass<br>WEBTAXI S.\u00e0 r.l. vom Kunden personenbezogene Daten erhebt,<br>deren Verarbeitung f\u00fcr die Vertragserf\u00fcllung und \/ oder die<br>Erf\u00fcllung gesetzlicher Verpflichtungen erforderlich ist. In diesem<br>Fall k\u00f6nnen die Daten von WEBTAXI S.\u00e0 r.l. verarbeitet,<br>aufgezeichnet und archiviert oder sogar an Dritte oder<br>Subunternehmer weitergegeben werden. Die gesamte<br>\u00dcbermittlung personenbezogener Daten erfolgt gem\u00e4\u00df<br>luxemburgischem Recht und EU-Recht, einschlie\u00dflich der<br>Datenschutz-Grundverordnung (Nr. 679\/2016 \/ EU).<br>20.2. Sofern nicht anders angegeben, enthalten diese Daten den<br>Namen des Kunden oder seines \/ ihrer Vertreter(s) (wenn es sich<br>um eine juristische Person handelt), eine Postanschrift, eine<br>Rechnungsadresse, eine E-Mail-Adresse. Wenn dies jedoch f\u00fcr<br>die Vertragserf\u00fcllung erforderlich ist, k\u00f6nnen die vom Kunden<br>\u00fcbermittelten Informationen umfangreicher sein.<br>20.3. Der Zugriff auf diese Daten ist abgesichert und WEBTAXI<br>S.\u00e0 r.l. wird den Kunden \u00fcber jede unbefugte Nutzung der Daten<br>in Kenntnis setzen.<br>20.4. Der Kunde erkl\u00e4rt, dar\u00fcber informiert worden zu sein, dass<br>er einerseits, gem\u00e4\u00df den luxemburgischen Rechtsvorschriften zur<br>Verarbeitung personenbezogener Daten, zu jeder Zeit das Recht<br>hat, auf die ihn betreffenden personenbezogenen Daten<br>zuzugreifen und diese zu berichtigen und andererseits das Recht<br>hat, die Verarbeitung seiner Daten zu verweigern, infolgedessen<br>sich WEBTAXI S.\u00e0 r.l. das Recht vorbeh\u00e4lt, den Abschluss eines<br>Vertrages, in dem solche Daten zur Vertragsausf\u00fchrung<br>notwendig w\u00e4ren, zu verweigern.<br>20.5. Die Daten k\u00f6nnen \u00fcber die gesamte Dauer des Vertrags<br>und zehn (10) Jahre nach dessen Ablauf sichergestellt werden,<br>unbeschadet etwaiger Verj\u00e4hrungsfristen, gesetzlicher oder<br>beh\u00f6rdlicher Verpflichtungen, die eine l\u00e4ngere Aufbewahrungsfrist<br>vorsehen.<br>Im Artikel 5.1. angek\u00fcndigtes Preisraster der vorliegenden AGB:<br>WEBTAXI eco<br>Minimumpreis : min. 8,50 \u20ac<br>Grundgeb\u00fchr : max. 2,60 \u20ac<br>Kilometerpreis : max. 2,80 \u20ac<br>Wartezeit : 0 bis 5 Min. => 0,00 \u20ac \/ mehr als 5 Min. => max. 0,55\u20ac<br>Wartezeit am Flughafen: 0 bis 15 Min. => 0,00\u20ac \/ mehr als 15 min<br>=> max. 0,55\u20ac<br>Nachtzuschlag (22-6 Uhr): max. 10%<br>Sonn- und Feiertagszuschlag : max. 25%<br>WEBTAXI limo :<br>Minimumpreis: min. 9,00 \u20ac<br>Grundgeb\u00fchr: max. 2,70 \u20ac<br>Kilometerpreis: max. 3,00 \u20ac<br>Wartezeit : 0 \u00e0 10 Min. => 0,00 \u20ac \/ mehr als 10 Min. =><br>max. 0,55 \u20ac<br>Wartezeit am Flughafen: 0 bis 15 Min. => 0,00 \u20ac \/ mehr als 15 Min.<br>=> max. 0,55\u20ac<br>Nachtzuschlag (22h00 \u00e0 06h00): max. 10%<br>Sonn- und Feiertagszuschlag : max. 25%<br>WEBTAXI van :<br>Minimumpreis: min. 15,50 \u20ac<br>Grundgeb\u00fchr: max. 2,70 \u20ac<br>Kilometerpreis: max. 3,60 \u20ac<br>Wartezeit: 0 bis 10 Min. =>0,00 \u20ac \/mehr als 10 Min. => max.<br>0,70\u20ac<br>Wartezeit am Flughafen: 0 bis 15 Min. => 0,00\u20ac \/ mehr als 15<br>Min. => max. 0,70\u20ac<br>Nachtzuschlag (22-6 Uhr): max. 10%<br>Sonn-und Feiertagszuschlag: max. 25%<br>WEBTAXI pro :<br>Gratis Abo exklusiv f\u00fcr Unternehmen.<\/p>\n\n\n\n<ol class=\"wp-block-list\"><\/ol>\n","protected":false},"excerpt":{"rendered":"<p>Untenstehend finden Sie die Allgemeinen Gesch\u00e4ftsbedingungen bez\u00fcglich des Kurierdienstes von WEBTAXI S.\u00e0 r.l. Die Firma WEBTAXI S.\u00e0 rl mit Sitz in L-1638 Senningerberg, Rue duGolf, 85, (Umsatzsteuernummer: LU 2774796 \/ LuxemburgischeHandelsregister Nr. B197685) ist Betreiber einer Buchungszentrale f\u00fcrKurierdienste. Dies erm\u00f6glicht es ihr, die Fahrzeuge dank einesGPRS-Systems (General Packet Radio Service) zu orten und somiteine nahezu [&hellip;]<\/p>\n","protected":false},"author":4,"featured_media":0,"parent":0,"menu_order":0,"comment_status":"closed","ping_status":"closed","template":"","meta":{"_acf_changed":false,"footnotes":""},"class_list":["post-563","page","type-page","status-publish","hentry"],"acf":[],"_links":{"self":[{"href":"https:\/\/webtaxi.lu\/de\/wp-json\/wp\/v2\/pages\/563","targetHints":{"allow":["GET"]}}],"collection":[{"href":"https:\/\/webtaxi.lu\/de\/wp-json\/wp\/v2\/pages"}],"about":[{"href":"https:\/\/webtaxi.lu\/de\/wp-json\/wp\/v2\/types\/page"}],"author":[{"embeddable":true,"href":"https:\/\/webtaxi.lu\/de\/wp-json\/wp\/v2\/users\/4"}],"replies":[{"embeddable":true,"href":"https:\/\/webtaxi.lu\/de\/wp-json\/wp\/v2\/comments?post=563"}],"version-history":[{"count":4,"href":"https:\/\/webtaxi.lu\/de\/wp-json\/wp\/v2\/pages\/563\/revisions"}],"predecessor-version":[{"id":780,"href":"https:\/\/webtaxi.lu\/de\/wp-json\/wp\/v2\/pages\/563\/revisions\/780"}],"wp:attachment":[{"href":"https:\/\/webtaxi.lu\/de\/wp-json\/wp\/v2\/media?parent=563"}],"curies":[{"name":"wp","href":"https:\/\/api.w.org\/{rel}","templated":true}]}}