{"id":548,"date":"2024-06-06T10:18:43","date_gmt":"2024-06-06T10:18:43","guid":{"rendered":"https:\/\/webtaxi.lu\/rechtliche-hinweise\/"},"modified":"2024-06-11T06:56:28","modified_gmt":"2024-06-11T06:56:28","slug":"rechtliche-hinweise","status":"publish","type":"page","link":"https:\/\/webtaxi.lu\/de\/rechtliche-hinweise\/","title":{"rendered":"Impressum"},"content":{"rendered":"\n<h2 class=\"wp-block-heading has-text-align-center\"><mark style=\"background-color:rgba(0, 0, 0, 0)\" class=\"has-inline-color has-black-color\"><strong>1. Firmensitz<\/strong><\/mark><\/h2>\n\n<p class=\"has-text-align-center\">WEBTAXI S.\u00e0 r.l.<br\/>85, Rue du Golf<br\/>L-1638 Senningerberg<\/p>\n\n<h2 class=\"wp-block-heading has-text-align-center\"><mark style=\"background-color:rgba(0, 0, 0, 0)\" class=\"has-inline-color has-black-color\"><strong>2. Postadresse<\/strong><\/mark><\/h2>\n\n<p class=\"has-text-align-center\">WEBTAXI S.\u00e0 r.l.<br\/>85, Rue du Golf<br\/>L-1638 Senningerberg<\/p>\n\n<h2 class=\"wp-block-heading has-text-align-center\"><mark style=\"background-color:rgba(0, 0, 0, 0)\" class=\"has-inline-color has-black-color\"><strong>3. Vetreten durch<\/strong><\/mark><\/h2>\n\n<p class=\"has-text-align-center\">Emile WEBER &#8211; Gesch\u00e4ftsf\u00fchrer<\/p>\n\n<h2 class=\"wp-block-heading has-text-align-center\"><mark style=\"background-color:rgba(0, 0, 0, 0)\" class=\"has-inline-color has-black-color\"><strong>4. Kontakt<\/strong><\/mark><\/h2>\n\n<p class=\"has-text-align-center\">Telefon: (+352) 27 515<br\/>E-Mail Adresse : <a href=\"mailto:info@webtaxi.lu\"><mark style=\"background-color:rgba(0, 0, 0, 0)\" class=\"has-inline-color has-luminous-vivid-orange-color\">info@webtaxi.lu<\/mark><\/a><\/p>\n\n<h2 class=\"wp-block-heading has-text-align-center\"><strong>5. Gesellschaftskapital<\/strong><\/h2>\n\n<p class=\"has-text-align-center\">40.000 \u20ac<\/p>\n\n<h2 class=\"wp-block-heading has-text-align-center\"><strong>6. Handelsregistereintrag<\/strong><\/h2>\n\n<p class=\"has-text-align-center\">Eintragung im Handelsregister<br\/>Registergericht Luxemburg<br\/>Registernummer: B197685<\/p>\n\n<h2 class=\"wp-block-heading has-text-align-center\"><strong>7. Umsatzsteuer<\/strong><\/h2>\n\n<p class=\"has-text-align-center\">Umsatzsteuer-Identifikationsnummer: LU 27747966<\/p>\n\n<h2 class=\"wp-block-heading has-text-align-center\"><strong>8. Angaben zur berufshaftpflichtversicherung<\/strong><\/h2>\n\n<p class=\"has-text-align-center\">Name ume Sitz des Versicherers:<br\/>AXA Assurances Luxembourg S.A.<br\/>1, Place de l\u2019Etoile<br\/>L-1479 Luxembourg<br\/>Geltungsraum der Versicherung: Luxemburg<\/p>\n\n<h2 class=\"wp-block-heading has-text-align-center\"><strong>9. Gestaltung und Entwicklung der Website<\/strong><\/h2>\n\n<p class=\"has-text-align-center\">101 Studios<br\/>17, All\u00e9e Louis Ackermann<br\/>L-1897 Kockelscheuer<br\/><a href=\"https:\/\/101.lu\/\"><mark style=\"background-color:rgba(0, 0, 0, 0)\" class=\"has-inline-color has-luminous-vivid-orange-color\">www.101.lu<\/mark><\/a><br\/>Die Website von WEBTAXI S.\u00e0 r.l. wurde mit dem webCMS WordPress erstellt.<\/p>\n\n<h2 class=\"wp-block-heading has-text-align-center\"><strong>10. Quellen der verwendeten Bilder und Grafiken<\/strong><\/h2>\n\n<p class=\"has-text-align-center\">www.istockphoto.com<br\/>www.gettyimages.com<br\/>www.fotolia.com<\/p>\n\n<p class=\"has-text-align-center\">Die Illustrationen wurden auf Ma\u00df von der Agentur 101 Studios erstellt (<a href=\"https:\/\/101.lu\/\"><mark style=\"background-color:rgba(0, 0, 0, 0)\" class=\"has-inline-color has-luminous-vivid-orange-color\">www.101.lu<\/mark><\/a>). Die personalisierten Stockfotos und Stockvideos wurden von der Agentur Super8 erstellt (<a href=\"https:\/\/www.super8.lu\/\"><mark style=\"background-color:rgba(0, 0, 0, 0)\" class=\"has-inline-color has-luminous-vivid-orange-color\">www.super8.lu<\/mark><\/a>)<\/p>\n\n<h2 class=\"wp-block-heading has-text-align-center\"><strong>11. Allgemeine Nutzungbedingungen der Website (ANB)<\/strong><\/h2>\n\n<p class=\"has-text-align-center\"><strong>Definition und Gegenstand:<\/strong> Der Zweck der allgemeinen Nutzungsbedingungen besteht darin, die Grundlagen der Bereitstellung der Webseite <strong>www.webtaxi.lu<\/strong> sowie die Nutzungsvorschriften dieser Webseite f\u00fcr den User festzulegen.<\/p>\n\n<p class=\"has-text-align-center\"><strong>www.webtaxi.lu<\/strong> ist eine von WEBTAXI S.\u00e0 r.l. betriebene, kostenlose Internetseite, die dazu dient, den User \u00fcber die von WEBTAXI S.\u00e0 r.l. vorgeschlagenen Reise- und Mobilit\u00e4tsdienste, Angebote, usw., zu informieren.<\/p>\n\n<p class=\"has-text-align-center\"><strong>Pflichten des Users:<\/strong> Der Zugang zur Webseite <strong>www.webtaxi.lu<\/strong> erfolgt \u00fcber das Internet. Der User ist sich der Risiken, die die Nutzung des Internets mit sich bringen k\u00f6nnen, im Klaren. Er ist selbst daf\u00fcr verantwortlich, das Internet mit Hilfe eines geeigneten und den Sicherheitsstandards entsprechenden Datentr\u00e4gers zu nutzen.<\/p>\n\n<p class=\"has-text-align-center\"><strong>\u00c4nderungen:<\/strong> Es ist zur jeder Zeit im Bereich des M\u00f6glichen, dass die hier beschriebenen allgemeinen Nutzungsbedingungen durch k\u00fcnftige Zus\u00e4tze ver\u00e4ndert werden k\u00f6nnen, um die Erstgenannten in Einheit mit zur der Webseite <strong>www.webtaxi.lu<\/strong> zugef\u00fcgten \u00c4nderungen, einer zuk\u00fcnftigen Gesetzgebung oder jedem anderen bedeutungsvollen Grund zu vervollst\u00e4ndigen. Der User ist dazu verpflichtet, sich \u00fcber die derzeit geltenden allgemeinen Nutzungsbedingungen der Webseite <strong>www.webtaxi.lu<\/strong> zu informieren.<\/p>\n\n<h2 class=\"wp-block-heading has-text-align-center\"><strong>12. Haftungsbeschr\u00e4nkung<\/strong><\/h2>\n\n<p class=\"has-text-align-center\"><strong>Haftung in Sachen Inhalt:<\/strong> Als Dienstleister ist die Firma WEBTAXI S.\u00e0 r.l. ausschlie\u00dflich f\u00fcr eigene Inhalte auf ihrer Webseite nach den allgemeinen Gesetzen verantwortlich. WEBTAXI S.\u00e0 r.l. versichert in keinster Weise die Zurverf\u00fcgungstellung, den Wahrheitsgehalt, die Glaubw\u00fcrdigkeit, die Gegenwartsn\u00e4he oder die Vollst\u00e4ndigkeit der auf der Webseite <strong>www.webtaxi.lu.<\/strong> Daher ist WEBTAXI S.\u00e0 r.l. als Dienstleister nicht dazu verpflichtet, die \u00fcberlieferten Informationen zu \u00fcberwachen oder die Umst\u00e4nde einer rechtswidrigen T\u00e4tigkeit zu untersuchen. Die Pflicht zur L\u00f6schung oder zur Sperrung solcher Informationen aufgrund der allgemein geltenden Rechtslage bleibt jedoch bestehen. Nichtsdestotrotz kann eine diesbez\u00fcgliche Haftung nur geltend gemacht werden von dem Moment an, in dem ein spezifischer Versto\u00df festgestellt wurde. Bei bekannt werdenden Rechtsverletzungen wird der betreffende Inhalt unverz\u00fcglich von WEBTAXI S.\u00e0 r.l. gel\u00f6scht.<\/p>\n\n<p class=\"has-text-align-center\"><strong>Haftung in Sachen Hypertext-Links:<\/strong> Die Webseite von WEBTAXI S.\u00e0 r.l. beinhaltet Links zu fremden Webseiten. Nichtsdestotrotz kann WEBTAXI S.\u00e0 r.l. f\u00fcr keinen dieser fremden Inhalte haftbar gemacht werden. Die Anbieter oder Betreiber dieser Webseiten sind die einzigen, die f\u00fcr die Inhalte ihrer Webseiten verantwortlich gemacht werden k\u00f6nnen. Die verlinkten Seiten wurden zum Zeitpunkt der Verlinkung auf m\u00f6gliche Rechtsverst\u00f6\u00dfe \u00fcberpr\u00fcft. Rechtswidrige Inhalte waren zum Zeitpunkt der Verlinkung nicht erkennbar. Eine permanente inhaltliche Kontrolle der verlinkten Seiten ist jedoch ohne konkrete Anhaltspunkte einer Rechtsverletzung nicht zumutbar. Bei Bekanntwerden von Rechtsverletzungen wird WEBTAXI S.\u00e0 r.l. derartige Links umgehend entfernen.<\/p>\n\n<h2 class=\"wp-block-heading has-text-align-center\"><strong>13. Urheberrecht und geistiges Eigentum<\/strong><\/h2>\n\n<p class=\"has-text-align-center\">Alle gegenw\u00e4rtigen und zuk\u00fcnftigen Bestandteile der Webseite <strong>www.webtaxi.lu <\/strong><strong><a href=\"https:\/\/www.emile-weber.lu\/\"> <\/a><\/strong>sont prot\u00e9g\u00e9s par la loi luxembourgeoise actuellement en vigueur en mati\u00e8re de propri\u00e9t\u00e9 intellectuelle et de droits d\u2019auteur. Die Wiedergabe, Anpassung, Verteilung und jede Form der Nutzung, die \u00fcber die Einschr\u00e4nkungen des Urheberrechtes hinausgehen, ben\u00f6tigen die schriftliche Zustimmung des Urhebers oder des Sch\u00f6pfers.<\/p>\n\n<p class=\"has-text-align-center\">Die Downloads und Kopien dieser Seiten sind nur f\u00fcr den privaten und nicht gewerblichen Gebrauch zu nutzen. Jeglicher Inhalt der Webseite, der nicht von WEBTAXI S.\u00e0 r.l., sondern von Dritten stammt, wird im Einklang mit den Eigentumsrechten dieser Dritten auf der Webseite angezeigt. Insbesondere werden Inhalte Dritter als solche gekennzeichnet. Falls der User eine m\u00f6gliche Verletzung gegen die Urheberrechte oder die Rechte des geistigen Eigentums feststellt, soll der Erstgenannte WEBTAXI S.\u00e0 r.l. einen Beweis f\u00fcr diese Verletzung liefern. Bei bekannt werdenden Rechtsverletzungen wird der betreffende Inhalt unverz\u00fcglich von WEBTAXI S.\u00e0 r.l. gel\u00f6scht.<\/p>\n\n<h2 class=\"wp-block-heading has-text-align-center\"><strong>14. Gesetzgebung und Gerichtsstand<\/strong><\/h2>\n\n<p class=\"has-text-align-center\">Jeder Rechtsstreit bez\u00fcglich der Webseite <strong>www.webtaxi.lu<\/strong> unterliegt den luxemburgischen Gesetzen; die luxemburgischen Gerichte sind ausschliesslich zust\u00e4ndig.<\/p>\n\n<h2 class=\"wp-block-heading has-text-align-center\"><strong>15. Streitschlichtung<\/strong><\/h2>\n\n<p class=\"has-text-align-center\">Die Europ\u00e4ische Kommission stellt eine Plattform zur Online-Streitbeilegung (OS) bereit. Weitere Informationen finden Sie hier: <a href=\"https:\/\/mpc.gouvernement.lu\/fr\/dossiers\/2022\/rel.html\"><mark style=\"background-color:rgba(0, 0, 0, 0)\" class=\"has-inline-color has-luminous-vivid-orange-color\">https:\/\/mpc.gouvernement.lu\/de\/dossiers\/2022\/rel.html<\/mark><\/a><\/p>\n\n<p class=\"has-text-align-center\">Der Nutzer kann WEBTAXI s.\u00e0 r.l. \u00fcber das Kontaktformular oder per direkter E-Mail unter info@webtaxi.lu kontaktieren. WEBTAXI S.\u00e0 r.l. ist nicht bereit oder verpflichtet, an Streitbeilegungsverfahren vor einer Verbraucherschlichtungsstelle teilzunehmen.<\/p>\n\n<h2 class=\"wp-block-heading has-text-align-center\"><strong>16. Datenschutzerkl\u00e4rung<\/strong><\/h2>\n\n<p class=\"has-text-align-center\"><strong><em>WEBTAXI<\/em><\/strong> S.\u00e0 r.l., vertreten durch seinen Gesch\u00e4ftsf\u00fchrer Emile WEBER, ist der Verantwortliche f\u00fcr die Verarbeitung der personenbezogenen Daten. Unsere Politik bez\u00fcglich des Schutzes personenbezogener Daten finden Sie auf der Seite &#8222;Datenschutzerkl\u00e4rung&#8220;.<\/p>\n","protected":false},"excerpt":{"rendered":"<p>1. Firmensitz WEBTAXI S.\u00e0 r.l.85, Rue du GolfL-1638 Senningerberg 2. Postadresse WEBTAXI S.\u00e0 r.l.85, Rue du GolfL-1638 Senningerberg 3. Vetreten durch Emile WEBER &#8211; Gesch\u00e4ftsf\u00fchrer 4. Kontakt Telefon: (+352) 27 515E-Mail Adresse : info@webtaxi.lu 5. Gesellschaftskapital 40.000 \u20ac 6. Handelsregistereintrag Eintragung im HandelsregisterRegistergericht LuxemburgRegisternummer: B197685 7. Umsatzsteuer Umsatzsteuer-Identifikationsnummer: LU 27747966 8. Angaben zur berufshaftpflichtversicherung Name [&hellip;]<\/p>\n","protected":false},"author":2,"featured_media":0,"parent":0,"menu_order":0,"comment_status":"closed","ping_status":"closed","template":"","meta":{"_acf_changed":false,"footnotes":""},"class_list":["post-548","page","type-page","status-publish","hentry"],"acf":[],"_links":{"self":[{"href":"https:\/\/webtaxi.lu\/de\/wp-json\/wp\/v2\/pages\/548","targetHints":{"allow":["GET"]}}],"collection":[{"href":"https:\/\/webtaxi.lu\/de\/wp-json\/wp\/v2\/pages"}],"about":[{"href":"https:\/\/webtaxi.lu\/de\/wp-json\/wp\/v2\/types\/page"}],"author":[{"embeddable":true,"href":"https:\/\/webtaxi.lu\/de\/wp-json\/wp\/v2\/users\/2"}],"replies":[{"embeddable":true,"href":"https:\/\/webtaxi.lu\/de\/wp-json\/wp\/v2\/comments?post=548"}],"version-history":[{"count":2,"href":"https:\/\/webtaxi.lu\/de\/wp-json\/wp\/v2\/pages\/548\/revisions"}],"predecessor-version":[{"id":658,"href":"https:\/\/webtaxi.lu\/de\/wp-json\/wp\/v2\/pages\/548\/revisions\/658"}],"wp:attachment":[{"href":"https:\/\/webtaxi.lu\/de\/wp-json\/wp\/v2\/media?parent=548"}],"curies":[{"name":"wp","href":"https:\/\/api.w.org\/{rel}","templated":true}]}}